{"id":921,"date":"2025-07-11T14:25:33","date_gmt":"2025-07-11T14:25:33","guid":{"rendered":"https:\/\/qmarketing.ro\/performance-marketing-ads\/"},"modified":"2025-07-23T18:34:25","modified_gmt":"2025-07-23T18:34:25","slug":"performance-marketing-ads","status":"publish","type":"page","link":"https:\/\/qmarketing.ro\/ro\/digital-marketing\/performance-marketing-ads\/","title":{"rendered":"Performance marketing (ads)"},"content":{"rendered":"\t\t<div data-elementor-type=\"wp-page\" data-elementor-id=\"921\" class=\"elementor elementor-921 elementor-397\" data-elementor-post-type=\"page\">\n\t\t\t\t<div class=\"elementor-element elementor-element-159c2f52 e-flex e-con-boxed e-con e-parent\" data-id=\"159c2f52\" data-element_type=\"container\">\n\t\t\t\t\t<div class=\"e-con-inner\">\n\t\t<div class=\"elementor-element elementor-element-b80f5fe e-con-full e-flex e-con e-child\" data-id=\"b80f5fe\" data-element_type=\"container\">\n\t\t\t\t<div class=\"elementor-element elementor-element-4946560 elementor-widget elementor-widget-heading\" data-id=\"4946560\" data-element_type=\"widget\" data-widget_type=\"heading.default\">\n\t\t\t\t<div class=\"elementor-widget-container\">\n\t\t\t\t\t<h2 class=\"elementor-heading-title elementor-size-default\">Performance marketing (ads)<\/h2>\t\t\t\t<\/div>\n\t\t\t\t<\/div>\n\t\t\t\t<div class=\"elementor-element elementor-element-5699dda2 elementor-widget elementor-widget-text-editor\" data-id=\"5699dda2\" data-element_type=\"widget\" data-widget_type=\"text-editor.default\">\n\t\t\t\t<div class=\"elementor-widget-container\">\n\t\t\t\t\t\t\t\t\t<p><strong data-start=\"155\" data-end=\"180\">Performance marketing<\/strong> \u00eenseamn\u0103 ca bugetul t\u0103u de publicitate s\u0103 devin\u0103 o investi\u021bie real\u0103, nu doar o cheltuial\u0103. Cre\u0103m \u0219i gestion\u0103m campanii PPC axate pe performan\u021b\u0103, testare continu\u0103 \u0219i ob\u021binerea unui ROI pozitiv.<\/p>\t\t\t\t\t\t\t\t<\/div>\n\t\t\t\t<\/div>\n\t\t\t\t<div class=\"elementor-element elementor-element-49997e49 elementor-mobile-align-left elementor-icon-list--layout-traditional elementor-list-item-link-full_width elementor-widget elementor-widget-icon-list\" data-id=\"49997e49\" data-element_type=\"widget\" data-widget_type=\"icon-list.default\">\n\t\t\t\t<div class=\"elementor-widget-container\">\n\t\t\t\t\t\t\t<ul class=\"elementor-icon-list-items\">\n\t\t\t\t\t\t\t<li class=\"elementor-icon-list-item\">\n\t\t\t\t\t\t\t\t\t\t\t<span class=\"elementor-icon-list-icon\">\n\t\t\t\t\t\t\t<svg aria-hidden=\"true\" class=\"e-font-icon-svg e-fas-check\" viewBox=\"0 0 512 512\" xmlns=\"http:\/\/www.w3.org\/2000\/svg\"><path d=\"M173.898 439.404l-166.4-166.4c-9.997-9.997-9.997-26.206 0-36.204l36.203-36.204c9.997-9.998 26.207-9.998 36.204 0L192 312.69 432.095 72.596c9.997-9.997 26.207-9.997 36.204 0l36.203 36.204c9.997 9.997 9.997 26.206 0 36.204l-294.4 294.401c-9.998 9.997-26.207 9.997-36.204-.001z\"><\/path><\/svg>\t\t\t\t\t\t<\/span>\n\t\t\t\t\t\t\t\t\t\t<span class=\"elementor-icon-list-text\">Facebook \/ Instagram Ads<\/span>\n\t\t\t\t\t\t\t\t\t<\/li>\n\t\t\t\t\t\t\t\t<li class=\"elementor-icon-list-item\">\n\t\t\t\t\t\t\t\t\t\t\t<span class=\"elementor-icon-list-icon\">\n\t\t\t\t\t\t\t<svg aria-hidden=\"true\" class=\"e-font-icon-svg e-fas-check\" viewBox=\"0 0 512 512\" xmlns=\"http:\/\/www.w3.org\/2000\/svg\"><path d=\"M173.898 439.404l-166.4-166.4c-9.997-9.997-9.997-26.206 0-36.204l36.203-36.204c9.997-9.998 26.207-9.998 36.204 0L192 312.69 432.095 72.596c9.997-9.997 26.207-9.997 36.204 0l36.203 36.204c9.997 9.997 9.997 26.206 0 36.204l-294.4 294.401c-9.998 9.997-26.207 9.997-36.204-.001z\"><\/path><\/svg>\t\t\t\t\t\t<\/span>\n\t\t\t\t\t\t\t\t\t\t<span class=\"elementor-icon-list-text\">Google Search, Display, Shopping<\/span>\n\t\t\t\t\t\t\t\t\t<\/li>\n\t\t\t\t\t\t\t\t<li class=\"elementor-icon-list-item\">\n\t\t\t\t\t\t\t\t\t\t\t<span class=\"elementor-icon-list-icon\">\n\t\t\t\t\t\t\t<svg aria-hidden=\"true\" class=\"e-font-icon-svg e-fas-check\" viewBox=\"0 0 512 512\" xmlns=\"http:\/\/www.w3.org\/2000\/svg\"><path d=\"M173.898 439.404l-166.4-166.4c-9.997-9.997-9.997-26.206 0-36.204l36.203-36.204c9.997-9.998 26.207-9.998 36.204 0L192 312.69 432.095 72.596c9.997-9.997 26.207-9.997 36.204 0l36.203 36.204c9.997 9.997 9.997 26.206 0 36.204l-294.4 294.401c-9.998 9.997-26.207 9.997-36.204-.001z\"><\/path><\/svg>\t\t\t\t\t\t<\/span>\n\t\t\t\t\t\t\t\t\t\t<span class=\"elementor-icon-list-text\">TikTok &amp; YouTube Ads<\/span>\n\t\t\t\t\t\t\t\t\t<\/li>\n\t\t\t\t\t\t\t\t<li class=\"elementor-icon-list-item\">\n\t\t\t\t\t\t\t\t\t\t\t<span class=\"elementor-icon-list-icon\">\n\t\t\t\t\t\t\t<svg aria-hidden=\"true\" class=\"e-font-icon-svg e-fas-check\" viewBox=\"0 0 512 512\" xmlns=\"http:\/\/www.w3.org\/2000\/svg\"><path d=\"M173.898 439.404l-166.4-166.4c-9.997-9.997-9.997-26.206 0-36.204l36.203-36.204c9.997-9.998 26.207-9.998 36.204 0L192 312.69 432.095 72.596c9.997-9.997 26.207-9.997 36.204 0l36.203 36.204c9.997 9.997 9.997 26.206 0 36.204l-294.4 294.401c-9.998 9.997-26.207 9.997-36.204-.001z\"><\/path><\/svg>\t\t\t\t\t\t<\/span>\n\t\t\t\t\t\t\t\t\t\t<span class=\"elementor-icon-list-text\">Strategie de funnel &amp; remarketing<\/span>\n\t\t\t\t\t\t\t\t\t<\/li>\n\t\t\t\t\t\t\t\t<li class=\"elementor-icon-list-item\">\n\t\t\t\t\t\t\t\t\t\t\t<span class=\"elementor-icon-list-icon\">\n\t\t\t\t\t\t\t<svg aria-hidden=\"true\" class=\"e-font-icon-svg e-fas-check\" viewBox=\"0 0 512 512\" xmlns=\"http:\/\/www.w3.org\/2000\/svg\"><path d=\"M173.898 439.404l-166.4-166.4c-9.997-9.997-9.997-26.206 0-36.204l36.203-36.204c9.997-9.998 26.207-9.998 36.204 0L192 312.69 432.095 72.596c9.997-9.997 26.207-9.997 36.204 0l36.203 36.204c9.997 9.997 9.997 26.206 0 36.204l-294.4 294.401c-9.998 9.997-26.207 9.997-36.204-.001z\"><\/path><\/svg>\t\t\t\t\t\t<\/span>\n\t\t\t\t\t\t\t\t\t\t<span class=\"elementor-icon-list-text\">A\/B testing &amp; optimizare a conversiilor<\/span>\n\t\t\t\t\t\t\t\t\t<\/li>\n\t\t\t\t\t\t<\/ul>\n\t\t\t\t\t\t<\/div>\n\t\t\t\t<\/div>\n\t\t\t\t<\/div>\n\t\t<div class=\"elementor-element elementor-element-4b0a429d e-con-full e-flex e-con e-child\" data-id=\"4b0a429d\" data-element_type=\"container\" data-settings=\"{&quot;background_background&quot;:&quot;classic&quot;}\">\n\t\t\t\t<div class=\"elementor-element elementor-element-7287a393 elementor-widget elementor-widget-image\" data-id=\"7287a393\" data-element_type=\"widget\" data-widget_type=\"image.default\">\n\t\t\t\t<div class=\"elementor-widget-container\">\n\t\t\t\t\t\t\t\t\t\t\t\t\t\t\t<img fetchpriority=\"high\" decoding=\"async\" width=\"515\" height=\"426\" src=\"https:\/\/qmarketing.ro\/wp-content\/uploads\/2025\/06\/Content-Mark.png\" class=\"attachment-large size-large wp-image-881\" alt=\"Performance Marketing\" srcset=\"https:\/\/qmarketing.ro\/wp-content\/uploads\/2025\/06\/Content-Mark.png 515w, https:\/\/qmarketing.ro\/wp-content\/uploads\/2025\/06\/Content-Mark-300x248.png 300w\" sizes=\"(max-width: 515px) 100vw, 515px\" \/>\t\t\t\t\t\t\t\t\t\t\t\t\t\t\t<\/div>\n\t\t\t\t<\/div>\n\t\t\t\t<\/div>\n\t\t\t\t\t<\/div>\n\t\t\t\t<\/div>\n\t\t<div class=\"elementor-element elementor-element-4798774d e-flex e-con-boxed e-con e-parent\" data-id=\"4798774d\" data-element_type=\"container\">\n\t\t\t\t\t<div class=\"e-con-inner\">\n\t\t\t\t<div class=\"elementor-element elementor-element-79ffc8e0 elementor-icon-list--layout-traditional elementor-list-item-link-full_width elementor-widget elementor-widget-icon-list\" data-id=\"79ffc8e0\" data-element_type=\"widget\" data-widget_type=\"icon-list.default\">\n\t\t\t\t<div class=\"elementor-widget-container\">\n\t\t\t\t\t\t\t<ul class=\"elementor-icon-list-items\">\n\t\t\t\t\t\t\t<li class=\"elementor-icon-list-item\">\n\t\t\t\t\t\t\t\t\t\t\t<span class=\"elementor-icon-list-icon\">\n\t\t\t\t\t\t\t<svg aria-hidden=\"true\" class=\"e-font-icon-svg e-fas-circle\" viewBox=\"0 0 512 512\" xmlns=\"http:\/\/www.w3.org\/2000\/svg\"><path d=\"M256 8C119 8 8 119 8 256s111 248 248 248 248-111 248-248S393 8 256 8z\"><\/path><\/svg>\t\t\t\t\t\t<\/span>\n\t\t\t\t\t\t\t\t\t\t<span class=\"elementor-icon-list-text\">Beneficii<\/span>\n\t\t\t\t\t\t\t\t\t<\/li>\n\t\t\t\t\t\t<\/ul>\n\t\t\t\t\t\t<\/div>\n\t\t\t\t<\/div>\n\t\t\t\t<div class=\"elementor-element elementor-element-6d39533 elementor-widget__width-initial elementor-widget elementor-widget-heading\" data-id=\"6d39533\" data-element_type=\"widget\" data-widget_type=\"heading.default\">\n\t\t\t\t<div class=\"elementor-widget-container\">\n\t\t\t\t\t<h2 class=\"elementor-heading-title elementor-size-default\">Rezultate reale, nu doar impresii<\/h2>\t\t\t\t<\/div>\n\t\t\t\t<\/div>\n\t\t<div class=\"elementor-element elementor-element-63c724ba e-con-full e-flex e-con e-child\" data-id=\"63c724ba\" data-element_type=\"container\">\n\t\t<div class=\"elementor-element elementor-element-457ec302 e-con-full e-flex e-con e-child\" data-id=\"457ec302\" data-element_type=\"container\" data-settings=\"{&quot;background_background&quot;:&quot;classic&quot;}\">\n\t\t\t\t<div class=\"elementor-element elementor-element-4ec5d17 elementor-widget elementor-widget-heading\" data-id=\"4ec5d17\" data-element_type=\"widget\" data-widget_type=\"heading.default\">\n\t\t\t\t<div class=\"elementor-widget-container\">\n\t\t\t\t\t<h2 class=\"elementor-heading-title elementor-size-default\">Campanii care genereaz\u0103 v\u00e2nz\u0103ri, nu doar clicuri\n<\/h2>\t\t\t\t<\/div>\n\t\t\t\t<\/div>\n\t\t\t\t<div class=\"elementor-element elementor-element-5e05baec elementor-widget elementor-widget-text-editor\" data-id=\"5e05baec\" data-element_type=\"widget\" data-widget_type=\"text-editor.default\">\n\t\t\t\t<div class=\"elementor-widget-container\">\n\t\t\t\t\t\t\t\t\t<p><span style=\"font-weight: 400;\">Ne concentr\u0103m pe performan\u021b\u0103 \u2014 fiecare campanie este creat\u0103 pentru a converti, nu doar pentru a atrage aten\u021bia. Obiectivul nostru este cre\u0219terea veniturilor, nu metrici de fa\u021bad\u0103.<\/span><\/p>\t\t\t\t\t\t\t\t<\/div>\n\t\t\t\t<\/div>\n\t\t\t\t<\/div>\n\t\t<div class=\"elementor-element elementor-element-34e198b4 e-con-full e-flex e-con e-child\" data-id=\"34e198b4\" data-element_type=\"container\" data-settings=\"{&quot;background_background&quot;:&quot;classic&quot;}\">\n\t\t\t\t<div class=\"elementor-element elementor-element-5103deaa elementor-widget elementor-widget-heading\" data-id=\"5103deaa\" data-element_type=\"widget\" data-widget_type=\"heading.default\">\n\t\t\t\t<div class=\"elementor-widget-container\">\n\t\t\t\t\t<h2 class=\"elementor-heading-title elementor-size-default\">Rapoarte clare, f\u0103r\u0103 date inutile<\/h2>\t\t\t\t<\/div>\n\t\t\t\t<\/div>\n\t\t\t\t<div class=\"elementor-element elementor-element-7248e06 elementor-widget elementor-widget-text-editor\" data-id=\"7248e06\" data-element_type=\"widget\" data-widget_type=\"text-editor.default\">\n\t\t\t\t<div class=\"elementor-widget-container\">\n\t\t\t\t\t\t\t\t\t<p>F\u0103r\u0103 tabele complicate \u0219i sute de cifre. Prime\u0219ti rapoarte concise, u\u0219or de \u00een\u021beles, axate pe ceea ce conteaz\u0103 pentru afacerea ta.<\/p>\t\t\t\t\t\t\t\t<\/div>\n\t\t\t\t<\/div>\n\t\t\t\t<\/div>\n\t\t<div class=\"elementor-element elementor-element-63433c22 e-con-full e-flex e-con e-child\" data-id=\"63433c22\" data-element_type=\"container\" data-settings=\"{&quot;background_background&quot;:&quot;classic&quot;}\">\n\t\t\t\t<div class=\"elementor-element elementor-element-4ad10482 elementor-widget elementor-widget-heading\" data-id=\"4ad10482\" data-element_type=\"widget\" data-widget_type=\"heading.default\">\n\t\t\t\t<div class=\"elementor-widget-container\">\n\t\t\t\t\t<h2 class=\"elementor-heading-title elementor-size-default\">Control complet asupra costurilor \u0219i rezultatelor<\/h2>\t\t\t\t<\/div>\n\t\t\t\t<\/div>\n\t\t\t\t<div class=\"elementor-element elementor-element-74cc7d15 elementor-widget elementor-widget-text-editor\" data-id=\"74cc7d15\" data-element_type=\"widget\" data-widget_type=\"text-editor.default\">\n\t\t\t\t<div class=\"elementor-widget-container\">\n\t\t\t\t\t\t\t\t\t<p>Gestion\u0103m bugetul cu precizie, optimiz\u0103m continuu campaniile \u0219i oferim transparen\u021b\u0103 total\u0103 pentru fiecare euro cheltuit.<\/p>\t\t\t\t\t\t\t\t<\/div>\n\t\t\t\t<\/div>\n\t\t\t\t<\/div>\n\t\t\t\t<\/div>\n\t\t\t\t\t<\/div>\n\t\t\t\t<\/div>\n\t\t<div class=\"elementor-element elementor-element-c0d3621 e-flex e-con-boxed e-con e-parent\" data-id=\"c0d3621\" data-element_type=\"container\">\n\t\t\t\t\t<div class=\"e-con-inner\">\n\t\t<div class=\"elementor-element elementor-element-732bb99d e-con-full e-flex e-con e-child\" data-id=\"732bb99d\" data-element_type=\"container\" data-settings=\"{&quot;background_background&quot;:&quot;classic&quot;}\">\n\t\t\t\t<div class=\"elementor-element elementor-element-9af16bf elementor-widget__width-initial elementor-widget elementor-widget-heading\" data-id=\"9af16bf\" data-element_type=\"widget\" data-widget_type=\"heading.default\">\n\t\t\t\t<div class=\"elementor-widget-container\">\n\t\t\t\t\t<h2 class=\"elementor-heading-title elementor-size-default\">Vrei rezultate reale din bugetul t\u0103u de marketing?<\/h2>\t\t\t\t<\/div>\n\t\t\t\t<\/div>\n\t\t\t\t<div class=\"elementor-element elementor-element-7dcf289 elementor-widget__width-initial elementor-widget elementor-widget-text-editor\" data-id=\"7dcf289\" data-element_type=\"widget\" data-widget_type=\"text-editor.default\">\n\t\t\t\t<div class=\"elementor-widget-container\">\n\t\t\t\t\t\t\t\t\t<p>Programeaz\u0103 un apel strategic gratuit \u0219i afl\u0103 exact cum \u00ee\u021bi putem cre\u0219te afacerea.<\/p>\t\t\t\t\t\t\t\t<\/div>\n\t\t\t\t<\/div>\n\t\t\t\t<div class=\"elementor-element elementor-element-1e6af109 elementor-align-center elementor-widget elementor-widget-button\" data-id=\"1e6af109\" data-element_type=\"widget\" data-widget_type=\"button.default\">\n\t\t\t\t<div class=\"elementor-widget-container\">\n\t\t\t\t\t\t\t\t\t<div class=\"elementor-button-wrapper\">\n\t\t\t\t\t<a class=\"elementor-button elementor-button-link elementor-size-sm\" href=\"https:\/\/qmarketing.ro\/ro\/#contact\">\n\t\t\t\t\t\t<span class=\"elementor-button-content-wrapper\">\n\t\t\t\t\t\t\t\t\t<span class=\"elementor-button-text\">Contacteaz\u0103-ne<\/span>\n\t\t\t\t\t<\/span>\n\t\t\t\t\t<\/a>\n\t\t\t\t<\/div>\n\t\t\t\t\t\t\t\t<\/div>\n\t\t\t\t<\/div>\n\t\t\t\t<\/div>\n\t\t\t\t\t<\/div>\n\t\t\t\t<\/div>\n\t\t\t\t<\/div>\n\t\t","protected":false},"excerpt":{"rendered":"<p>Bugetul t\u0103u de publicitate ar trebui s\u0103 fie o investi\u021bie, nu o cheltuial\u0103. Cre\u0103m \u0219i gestion\u0103m campanii PPC concentrate pe performan\u021b\u0103, testare continu\u0103 \u0219i un ROI pozitiv. Facebook \/ Instagram Ads Google Search, Display, Shopping TikTok &amp; YouTube Ads Strategie de funnel &amp; remarketing A\/B testing &amp; optimizare a conversiilor Beneficii Rezultate reale, nu doar [&hellip;]<\/p>\n","protected":false},"author":1,"featured_media":0,"parent":959,"menu_order":0,"comment_status":"closed","ping_status":"closed","template":"","meta":{"footnotes":""},"class_list":["post-921","page","type-page","status-publish","hentry"],"yoast_head":"<!-- This site is optimized with the Yoast SEO plugin v25.5 - https:\/\/yoast.com\/wordpress\/plugins\/seo\/ -->\n<title>Performance Marketing cu Impact Real \u00een V\u00e2nz\u0103ri \u0219i Conversii<\/title>\n<meta name=\"description\" content=\"Cre\u0219te-\u021bi afacerea cu performance marketing: strategii optimizate, bugete eficiente \u0219i rezultate reale \u00een v\u00e2nz\u0103ri \u0219i lead-uri.\" \/>\n<meta name=\"robots\" content=\"index, follow, max-snippet:-1, max-image-preview:large, max-video-preview:-1\" \/>\n<link rel=\"canonical\" href=\"https:\/\/qmarketing.ro\/ro\/digital-marketing\/performance-marketing-ads\/\" \/>\n<meta property=\"og:locale\" content=\"ro_RO\" \/>\n<meta property=\"og:type\" content=\"article\" \/>\n<meta property=\"og:title\" content=\"Performance Marketing cu Impact Real \u00een V\u00e2nz\u0103ri \u0219i Conversii\" \/>\n<meta property=\"og:description\" content=\"Cre\u0219te-\u021bi afacerea cu performance marketing: strategii optimizate, bugete eficiente \u0219i rezultate reale \u00een v\u00e2nz\u0103ri \u0219i lead-uri.\" \/>\n<meta property=\"og:url\" content=\"https:\/\/qmarketing.ro\/ro\/digital-marketing\/performance-marketing-ads\/\" \/>\n<meta property=\"og:site_name\" content=\"Quantum Marketing Lab\" \/>\n<meta property=\"article:publisher\" content=\"https:\/\/facebook.com\/Qmarketing.ro\" \/>\n<meta property=\"article:modified_time\" content=\"2025-07-23T18:34:25+00:00\" \/>\n<meta property=\"og:image\" content=\"https:\/\/qmarketing.ro\/wp-content\/uploads\/2025\/06\/Content-Mark.png\" \/>\n<meta name=\"twitter:card\" content=\"summary_large_image\" \/>\n<meta name=\"twitter:label1\" content=\"Timp estimat pentru citire\" \/>\n\t<meta name=\"twitter:data1\" content=\"1 minut\" \/>\n<script type=\"application\/ld+json\" class=\"yoast-schema-graph\">{\"@context\":\"https:\/\/schema.org\",\"@graph\":[{\"@type\":\"WebPage\",\"@id\":\"https:\/\/qmarketing.ro\/ro\/digital-marketing\/performance-marketing-ads\/\",\"url\":\"https:\/\/qmarketing.ro\/ro\/digital-marketing\/performance-marketing-ads\/\",\"name\":\"Performance Marketing cu Impact Real \u00een V\u00e2nz\u0103ri \u0219i Conversii\",\"isPartOf\":{\"@id\":\"https:\/\/qmarketing.ro\/#website\"},\"primaryImageOfPage\":{\"@id\":\"https:\/\/qmarketing.ro\/ro\/digital-marketing\/performance-marketing-ads\/#primaryimage\"},\"image\":{\"@id\":\"https:\/\/qmarketing.ro\/ro\/digital-marketing\/performance-marketing-ads\/#primaryimage\"},\"thumbnailUrl\":\"https:\/\/qmarketing.ro\/wp-content\/uploads\/2025\/06\/Content-Mark.png\",\"datePublished\":\"2025-07-11T14:25:33+00:00\",\"dateModified\":\"2025-07-23T18:34:25+00:00\",\"description\":\"Cre\u0219te-\u021bi afacerea cu performance marketing: strategii optimizate, bugete eficiente \u0219i rezultate reale \u00een v\u00e2nz\u0103ri \u0219i lead-uri.\",\"breadcrumb\":{\"@id\":\"https:\/\/qmarketing.ro\/ro\/digital-marketing\/performance-marketing-ads\/#breadcrumb\"},\"inLanguage\":\"ro-RO\",\"potentialAction\":[{\"@type\":\"ReadAction\",\"target\":[\"https:\/\/qmarketing.ro\/ro\/digital-marketing\/performance-marketing-ads\/\"]}]},{\"@type\":\"ImageObject\",\"inLanguage\":\"ro-RO\",\"@id\":\"https:\/\/qmarketing.ro\/ro\/digital-marketing\/performance-marketing-ads\/#primaryimage\",\"url\":\"https:\/\/qmarketing.ro\/wp-content\/uploads\/2025\/06\/Content-Mark.png\",\"contentUrl\":\"https:\/\/qmarketing.ro\/wp-content\/uploads\/2025\/06\/Content-Mark.png\"},{\"@type\":\"BreadcrumbList\",\"@id\":\"https:\/\/qmarketing.ro\/ro\/digital-marketing\/performance-marketing-ads\/#breadcrumb\",\"itemListElement\":[{\"@type\":\"ListItem\",\"position\":1,\"name\":\"Home\",\"item\":\"https:\/\/qmarketing.ro\/ro\/\"},{\"@type\":\"ListItem\",\"position\":2,\"name\":\"Digital Marketing\",\"item\":\"https:\/\/qmarketing.ro\/ro\/digital-marketing\/\"},{\"@type\":\"ListItem\",\"position\":3,\"name\":\"Performance marketing (ads)\"}]},{\"@type\":\"WebSite\",\"@id\":\"https:\/\/qmarketing.ro\/#website\",\"url\":\"https:\/\/qmarketing.ro\/\",\"name\":\"Quantum Marketing Lab\",\"description\":\"Expert Digital Marketing Services Tailored for Success\",\"publisher\":{\"@id\":\"https:\/\/qmarketing.ro\/#organization\"},\"potentialAction\":[{\"@type\":\"SearchAction\",\"target\":{\"@type\":\"EntryPoint\",\"urlTemplate\":\"https:\/\/qmarketing.ro\/?s={search_term_string}\"},\"query-input\":{\"@type\":\"PropertyValueSpecification\",\"valueRequired\":true,\"valueName\":\"search_term_string\"}}],\"inLanguage\":\"ro-RO\"},{\"@type\":\"Organization\",\"@id\":\"https:\/\/qmarketing.ro\/#organization\",\"name\":\"Quantum Marketing Lab\",\"url\":\"https:\/\/qmarketing.ro\/\",\"logo\":{\"@type\":\"ImageObject\",\"inLanguage\":\"ro-RO\",\"@id\":\"https:\/\/qmarketing.ro\/#\/schema\/logo\/image\/\",\"url\":\"https:\/\/qmarketing.ro\/wp-content\/uploads\/2025\/07\/logo-quantum.webp\",\"contentUrl\":\"https:\/\/qmarketing.ro\/wp-content\/uploads\/2025\/07\/logo-quantum.webp\",\"width\":1000,\"height\":1000,\"caption\":\"Quantum Marketing Lab\"},\"image\":{\"@id\":\"https:\/\/qmarketing.ro\/#\/schema\/logo\/image\/\"},\"sameAs\":[\"https:\/\/facebook.com\/Qmarketing.ro\",\"https:\/\/instagram.com\/Qmarketing.ro\"]}]}<\/script>\n<!-- \/ Yoast SEO plugin. -->","yoast_head_json":{"title":"Performance Marketing cu Impact Real \u00een V\u00e2nz\u0103ri \u0219i Conversii","description":"Cre\u0219te-\u021bi afacerea cu performance marketing: strategii optimizate, bugete eficiente \u0219i rezultate reale \u00een v\u00e2nz\u0103ri \u0219i lead-uri.","robots":{"index":"index","follow":"follow","max-snippet":"max-snippet:-1","max-image-preview":"max-image-preview:large","max-video-preview":"max-video-preview:-1"},"canonical":"https:\/\/qmarketing.ro\/ro\/digital-marketing\/performance-marketing-ads\/","og_locale":"ro_RO","og_type":"article","og_title":"Performance Marketing cu Impact Real \u00een V\u00e2nz\u0103ri \u0219i Conversii","og_description":"Cre\u0219te-\u021bi afacerea cu performance marketing: strategii optimizate, bugete eficiente \u0219i rezultate reale \u00een v\u00e2nz\u0103ri \u0219i lead-uri.","og_url":"https:\/\/qmarketing.ro\/ro\/digital-marketing\/performance-marketing-ads\/","og_site_name":"Quantum Marketing Lab","article_publisher":"https:\/\/facebook.com\/Qmarketing.ro","article_modified_time":"2025-07-23T18:34:25+00:00","og_image":[{"url":"https:\/\/qmarketing.ro\/wp-content\/uploads\/2025\/06\/Content-Mark.png","type":"","width":"","height":""}],"twitter_card":"summary_large_image","twitter_misc":{"Timp estimat pentru citire":"1 minut"},"schema":{"@context":"https:\/\/schema.org","@graph":[{"@type":"WebPage","@id":"https:\/\/qmarketing.ro\/ro\/digital-marketing\/performance-marketing-ads\/","url":"https:\/\/qmarketing.ro\/ro\/digital-marketing\/performance-marketing-ads\/","name":"Performance Marketing cu Impact Real \u00een V\u00e2nz\u0103ri \u0219i Conversii","isPartOf":{"@id":"https:\/\/qmarketing.ro\/#website"},"primaryImageOfPage":{"@id":"https:\/\/qmarketing.ro\/ro\/digital-marketing\/performance-marketing-ads\/#primaryimage"},"image":{"@id":"https:\/\/qmarketing.ro\/ro\/digital-marketing\/performance-marketing-ads\/#primaryimage"},"thumbnailUrl":"https:\/\/qmarketing.ro\/wp-content\/uploads\/2025\/06\/Content-Mark.png","datePublished":"2025-07-11T14:25:33+00:00","dateModified":"2025-07-23T18:34:25+00:00","description":"Cre\u0219te-\u021bi afacerea cu performance marketing: strategii optimizate, bugete eficiente \u0219i rezultate reale \u00een v\u00e2nz\u0103ri \u0219i lead-uri.","breadcrumb":{"@id":"https:\/\/qmarketing.ro\/ro\/digital-marketing\/performance-marketing-ads\/#breadcrumb"},"inLanguage":"ro-RO","potentialAction":[{"@type":"ReadAction","target":["https:\/\/qmarketing.ro\/ro\/digital-marketing\/performance-marketing-ads\/"]}]},{"@type":"ImageObject","inLanguage":"ro-RO","@id":"https:\/\/qmarketing.ro\/ro\/digital-marketing\/performance-marketing-ads\/#primaryimage","url":"https:\/\/qmarketing.ro\/wp-content\/uploads\/2025\/06\/Content-Mark.png","contentUrl":"https:\/\/qmarketing.ro\/wp-content\/uploads\/2025\/06\/Content-Mark.png"},{"@type":"BreadcrumbList","@id":"https:\/\/qmarketing.ro\/ro\/digital-marketing\/performance-marketing-ads\/#breadcrumb","itemListElement":[{"@type":"ListItem","position":1,"name":"Home","item":"https:\/\/qmarketing.ro\/ro\/"},{"@type":"ListItem","position":2,"name":"Digital Marketing","item":"https:\/\/qmarketing.ro\/ro\/digital-marketing\/"},{"@type":"ListItem","position":3,"name":"Performance marketing (ads)"}]},{"@type":"WebSite","@id":"https:\/\/qmarketing.ro\/#website","url":"https:\/\/qmarketing.ro\/","name":"Quantum Marketing Lab","description":"Expert Digital Marketing Services Tailored for Success","publisher":{"@id":"https:\/\/qmarketing.ro\/#organization"},"potentialAction":[{"@type":"SearchAction","target":{"@type":"EntryPoint","urlTemplate":"https:\/\/qmarketing.ro\/?s={search_term_string}"},"query-input":{"@type":"PropertyValueSpecification","valueRequired":true,"valueName":"search_term_string"}}],"inLanguage":"ro-RO"},{"@type":"Organization","@id":"https:\/\/qmarketing.ro\/#organization","name":"Quantum Marketing Lab","url":"https:\/\/qmarketing.ro\/","logo":{"@type":"ImageObject","inLanguage":"ro-RO","@id":"https:\/\/qmarketing.ro\/#\/schema\/logo\/image\/","url":"https:\/\/qmarketing.ro\/wp-content\/uploads\/2025\/07\/logo-quantum.webp","contentUrl":"https:\/\/qmarketing.ro\/wp-content\/uploads\/2025\/07\/logo-quantum.webp","width":1000,"height":1000,"caption":"Quantum Marketing Lab"},"image":{"@id":"https:\/\/qmarketing.ro\/#\/schema\/logo\/image\/"},"sameAs":["https:\/\/facebook.com\/Qmarketing.ro","https:\/\/instagram.com\/Qmarketing.ro"]}]}},"_links":{"self":[{"href":"https:\/\/qmarketing.ro\/ro\/wp-json\/wp\/v2\/pages\/921","targetHints":{"allow":["GET"]}}],"collection":[{"href":"https:\/\/qmarketing.ro\/ro\/wp-json\/wp\/v2\/pages"}],"about":[{"href":"https:\/\/qmarketing.ro\/ro\/wp-json\/wp\/v2\/types\/page"}],"author":[{"embeddable":true,"href":"https:\/\/qmarketing.ro\/ro\/wp-json\/wp\/v2\/users\/1"}],"replies":[{"embeddable":true,"href":"https:\/\/qmarketing.ro\/ro\/wp-json\/wp\/v2\/comments?post=921"}],"version-history":[{"count":5,"href":"https:\/\/qmarketing.ro\/ro\/wp-json\/wp\/v2\/pages\/921\/revisions"}],"predecessor-version":[{"id":1059,"href":"https:\/\/qmarketing.ro\/ro\/wp-json\/wp\/v2\/pages\/921\/revisions\/1059"}],"up":[{"embeddable":true,"href":"https:\/\/qmarketing.ro\/ro\/wp-json\/wp\/v2\/pages\/959"}],"wp:attachment":[{"href":"https:\/\/qmarketing.ro\/ro\/wp-json\/wp\/v2\/media?parent=921"}],"curies":[{"name":"wp","href":"https:\/\/api.w.org\/{rel}","templated":true}]}}