{"id":927,"date":"2025-07-11T14:25:45","date_gmt":"2025-07-11T14:25:45","guid":{"rendered":"https:\/\/qmarketing.ro\/email-sms-marketing\/"},"modified":"2025-07-23T18:06:41","modified_gmt":"2025-07-23T18:06:41","slug":"email-sms-marketing","status":"publish","type":"page","link":"https:\/\/qmarketing.ro\/ro\/digital-marketing\/email-sms-marketing\/","title":{"rendered":"Email &amp; SMS marketing"},"content":{"rendered":"\t\t<div data-elementor-type=\"wp-page\" data-elementor-id=\"927\" class=\"elementor elementor-927 elementor-399\" data-elementor-post-type=\"page\">\n\t\t\t\t<div class=\"elementor-element elementor-element-2ca15664 e-flex e-con-boxed e-con e-parent\" data-id=\"2ca15664\" data-element_type=\"container\">\n\t\t\t\t\t<div class=\"e-con-inner\">\n\t\t<div class=\"elementor-element elementor-element-43596a9 e-con-full e-flex e-con e-child\" data-id=\"43596a9\" data-element_type=\"container\">\n\t\t\t\t<div class=\"elementor-element elementor-element-149be78f elementor-widget elementor-widget-heading\" data-id=\"149be78f\" data-element_type=\"widget\" data-widget_type=\"heading.default\">\n\t\t\t\t<div class=\"elementor-widget-container\">\n\t\t\t\t\t<h2 class=\"elementor-heading-title elementor-size-default\">Email &amp; SMS marketing<\/h2>\t\t\t\t<\/div>\n\t\t\t\t<\/div>\n\t\t\t\t<div class=\"elementor-element elementor-element-3e55bd62 elementor-widget elementor-widget-text-editor\" data-id=\"3e55bd62\" data-element_type=\"widget\" data-widget_type=\"text-editor.default\">\n\t\t\t\t<div class=\"elementor-widget-container\">\n\t\t\t\t\t\t\t\t\t<p><strong data-start=\"170\" data-end=\"189\">Email marketing<\/strong> nu este mort \u2013 dimpotriv\u0103, r\u0103m\u00e2ne canalul cu cel mai mare ROI pentru afaceri. Atunci c\u00e2nd este folosit strategic, <strong data-start=\"304\" data-end=\"325\">email marketingul<\/strong> transform\u0103 audien\u021ba \u00een clien\u021bi loiali. Cre\u0103m campanii personalizate \u0219i automatiz\u0103ri eficiente care livreaz\u0103 rezultate reale.<\/p>\t\t\t\t\t\t\t\t<\/div>\n\t\t\t\t<\/div>\n\t\t\t\t<div class=\"elementor-element elementor-element-30ab4106 elementor-mobile-align-left elementor-icon-list--layout-traditional elementor-list-item-link-full_width elementor-widget elementor-widget-icon-list\" data-id=\"30ab4106\" data-element_type=\"widget\" data-widget_type=\"icon-list.default\">\n\t\t\t\t<div class=\"elementor-widget-container\">\n\t\t\t\t\t\t\t<ul class=\"elementor-icon-list-items\">\n\t\t\t\t\t\t\t<li class=\"elementor-icon-list-item\">\n\t\t\t\t\t\t\t\t\t\t\t<span class=\"elementor-icon-list-icon\">\n\t\t\t\t\t\t\t<svg aria-hidden=\"true\" class=\"e-font-icon-svg e-fas-check\" viewBox=\"0 0 512 512\" xmlns=\"http:\/\/www.w3.org\/2000\/svg\"><path d=\"M173.898 439.404l-166.4-166.4c-9.997-9.997-9.997-26.206 0-36.204l36.203-36.204c9.997-9.998 26.207-9.998 36.204 0L192 312.69 432.095 72.596c9.997-9.997 26.207-9.997 36.204 0l36.203 36.204c9.997 9.997 9.997 26.206 0 36.204l-294.4 294.401c-9.998 9.997-26.207 9.997-36.204-.001z\"><\/path><\/svg>\t\t\t\t\t\t<\/span>\n\t\t\t\t\t\t\t\t\t\t<span class=\"elementor-icon-list-text\">Automatiz\u0103ri (welcome, abandon co\u0219, follow-up, post-achizi\u021bie)<\/span>\n\t\t\t\t\t\t\t\t\t<\/li>\n\t\t\t\t\t\t\t\t<li class=\"elementor-icon-list-item\">\n\t\t\t\t\t\t\t\t\t\t\t<span class=\"elementor-icon-list-icon\">\n\t\t\t\t\t\t\t<svg aria-hidden=\"true\" class=\"e-font-icon-svg e-fas-check\" viewBox=\"0 0 512 512\" xmlns=\"http:\/\/www.w3.org\/2000\/svg\"><path d=\"M173.898 439.404l-166.4-166.4c-9.997-9.997-9.997-26.206 0-36.204l36.203-36.204c9.997-9.998 26.207-9.998 36.204 0L192 312.69 432.095 72.596c9.997-9.997 26.207-9.997 36.204 0l36.203 36.204c9.997 9.997 9.997 26.206 0 36.204l-294.4 294.401c-9.998 9.997-26.207 9.997-36.204-.001z\"><\/path><\/svg>\t\t\t\t\t\t<\/span>\n\t\t\t\t\t\t\t\t\t\t<span class=\"elementor-icon-list-text\">Newslettere lunare \u0219i campanii promo\u021bionale<\/span>\n\t\t\t\t\t\t\t\t\t<\/li>\n\t\t\t\t\t\t\t\t<li class=\"elementor-icon-list-item\">\n\t\t\t\t\t\t\t\t\t\t\t<span class=\"elementor-icon-list-icon\">\n\t\t\t\t\t\t\t<svg aria-hidden=\"true\" class=\"e-font-icon-svg e-fas-check\" viewBox=\"0 0 512 512\" xmlns=\"http:\/\/www.w3.org\/2000\/svg\"><path d=\"M173.898 439.404l-166.4-166.4c-9.997-9.997-9.997-26.206 0-36.204l36.203-36.204c9.997-9.998 26.207-9.998 36.204 0L192 312.69 432.095 72.596c9.997-9.997 26.207-9.997 36.204 0l36.203 36.204c9.997 9.997 9.997 26.206 0 36.204l-294.4 294.401c-9.998 9.997-26.207 9.997-36.204-.001z\"><\/path><\/svg>\t\t\t\t\t\t<\/span>\n\t\t\t\t\t\t\t\t\t\t<span class=\"elementor-icon-list-text\">Segmentare inteligent\u0103 + personalizare<\/span>\n\t\t\t\t\t\t\t\t\t<\/li>\n\t\t\t\t\t\t\t\t<li class=\"elementor-icon-list-item\">\n\t\t\t\t\t\t\t\t\t\t\t<span class=\"elementor-icon-list-icon\">\n\t\t\t\t\t\t\t<svg aria-hidden=\"true\" class=\"e-font-icon-svg e-fas-check\" viewBox=\"0 0 512 512\" xmlns=\"http:\/\/www.w3.org\/2000\/svg\"><path d=\"M173.898 439.404l-166.4-166.4c-9.997-9.997-9.997-26.206 0-36.204l36.203-36.204c9.997-9.998 26.207-9.998 36.204 0L192 312.69 432.095 72.596c9.997-9.997 26.207-9.997 36.204 0l36.203 36.204c9.997 9.997 9.997 26.206 0 36.204l-294.4 294.401c-9.998 9.997-26.207 9.997-36.204-.001z\"><\/path><\/svg>\t\t\t\t\t\t<\/span>\n\t\t\t\t\t\t\t\t\t\t<span class=\"elementor-icon-list-text\">Rapoarte de performan\u021b\u0103 detaliate<\/span>\n\t\t\t\t\t\t\t\t\t<\/li>\n\t\t\t\t\t\t<\/ul>\n\t\t\t\t\t\t<\/div>\n\t\t\t\t<\/div>\n\t\t\t\t<\/div>\n\t\t<div class=\"elementor-element elementor-element-5e6d50b5 e-con-full e-flex e-con e-child\" data-id=\"5e6d50b5\" data-element_type=\"container\" data-settings=\"{&quot;background_background&quot;:&quot;classic&quot;}\">\n\t\t\t\t<div class=\"elementor-element elementor-element-4e00029e elementor-widget elementor-widget-image\" data-id=\"4e00029e\" data-element_type=\"widget\" data-widget_type=\"image.default\">\n\t\t\t\t<div class=\"elementor-widget-container\">\n\t\t\t\t\t\t\t\t\t\t\t\t\t\t\t<img fetchpriority=\"high\" decoding=\"async\" width=\"511\" height=\"426\" src=\"https:\/\/qmarketing.ro\/wp-content\/uploads\/2025\/06\/Socmed.png\" class=\"attachment-large size-large wp-image-875\" alt=\"\" srcset=\"https:\/\/qmarketing.ro\/wp-content\/uploads\/2025\/06\/Socmed.png 511w, https:\/\/qmarketing.ro\/wp-content\/uploads\/2025\/06\/Socmed-300x250.png 300w\" sizes=\"(max-width: 511px) 100vw, 511px\" \/>\t\t\t\t\t\t\t\t\t\t\t\t\t\t\t<\/div>\n\t\t\t\t<\/div>\n\t\t\t\t<\/div>\n\t\t\t\t\t<\/div>\n\t\t\t\t<\/div>\n\t\t<div class=\"elementor-element elementor-element-4ab9a50f e-flex e-con-boxed e-con e-parent\" data-id=\"4ab9a50f\" data-element_type=\"container\">\n\t\t\t\t\t<div class=\"e-con-inner\">\n\t\t\t\t<div class=\"elementor-element elementor-element-67d57a4e elementor-icon-list--layout-traditional elementor-list-item-link-full_width elementor-widget elementor-widget-icon-list\" data-id=\"67d57a4e\" data-element_type=\"widget\" data-widget_type=\"icon-list.default\">\n\t\t\t\t<div class=\"elementor-widget-container\">\n\t\t\t\t\t\t\t<ul class=\"elementor-icon-list-items\">\n\t\t\t\t\t\t\t<li class=\"elementor-icon-list-item\">\n\t\t\t\t\t\t\t\t\t\t\t<span class=\"elementor-icon-list-icon\">\n\t\t\t\t\t\t\t<svg aria-hidden=\"true\" class=\"e-font-icon-svg e-fas-circle\" viewBox=\"0 0 512 512\" xmlns=\"http:\/\/www.w3.org\/2000\/svg\"><path d=\"M256 8C119 8 8 119 8 256s111 248 248 248 248-111 248-248S393 8 256 8z\"><\/path><\/svg>\t\t\t\t\t\t<\/span>\n\t\t\t\t\t\t\t\t\t\t<span class=\"elementor-icon-list-text\">Beneficii<\/span>\n\t\t\t\t\t\t\t\t\t<\/li>\n\t\t\t\t\t\t<\/ul>\n\t\t\t\t\t\t<\/div>\n\t\t\t\t<\/div>\n\t\t\t\t<div class=\"elementor-element elementor-element-2fa8e1ea elementor-widget__width-initial elementor-widget elementor-widget-heading\" data-id=\"2fa8e1ea\" data-element_type=\"widget\" data-widget_type=\"heading.default\">\n\t\t\t\t<div class=\"elementor-widget-container\">\n\t\t\t\t\t<h2 class=\"elementor-heading-title elementor-size-default\">Rezultate reale, nu doar impresii<\/h2>\t\t\t\t<\/div>\n\t\t\t\t<\/div>\n\t\t<div class=\"elementor-element elementor-element-729daa20 e-con-full e-flex e-con e-child\" data-id=\"729daa20\" data-element_type=\"container\">\n\t\t<div class=\"elementor-element elementor-element-3e8e8442 e-con-full e-flex e-con e-child\" data-id=\"3e8e8442\" data-element_type=\"container\" data-settings=\"{&quot;background_background&quot;:&quot;classic&quot;}\">\n\t\t\t\t<div class=\"elementor-element elementor-element-116487e elementor-widget elementor-widget-heading\" data-id=\"116487e\" data-element_type=\"widget\" data-widget_type=\"heading.default\">\n\t\t\t\t<div class=\"elementor-widget-container\">\n\t\t\t\t\t<h2 class=\"elementor-heading-title elementor-size-default\">V\u00e2nz\u0103ri constante f\u0103r\u0103 costuri suplimentare pe ads<\/h2>\t\t\t\t<\/div>\n\t\t\t\t<\/div>\n\t\t\t\t<div class=\"elementor-element elementor-element-19c42b51 elementor-widget elementor-widget-text-editor\" data-id=\"19c42b51\" data-element_type=\"widget\" data-widget_type=\"text-editor.default\">\n\t\t\t\t<div class=\"elementor-widget-container\">\n\t\t\t\t\t\t\t\t\t<p><span style=\"font-weight: 400;\">Construim sisteme care genereaz\u0103 v\u00e2nz\u0103ri \u00een mod constant, f\u0103r\u0103 s\u0103 fie nevoie s\u0103 cre\u0219ti mereu bugetul de reclame. It\u2019s about smarter marketing, not just bigger spending.<\/span><\/p>\t\t\t\t\t\t\t\t<\/div>\n\t\t\t\t<\/div>\n\t\t\t\t<\/div>\n\t\t<div class=\"elementor-element elementor-element-49aa9bee e-con-full e-flex e-con e-child\" data-id=\"49aa9bee\" data-element_type=\"container\" data-settings=\"{&quot;background_background&quot;:&quot;classic&quot;}\">\n\t\t\t\t<div class=\"elementor-element elementor-element-321e5913 elementor-widget elementor-widget-heading\" data-id=\"321e5913\" data-element_type=\"widget\" data-widget_type=\"heading.default\">\n\t\t\t\t<div class=\"elementor-widget-container\">\n\t\t\t\t\t<h2 class=\"elementor-heading-title elementor-size-default\">Fidelizare + reactivarea clien\u021bilor inactivi<\/h2>\t\t\t\t<\/div>\n\t\t\t\t<\/div>\n\t\t\t\t<div class=\"elementor-element elementor-element-67378388 elementor-widget elementor-widget-text-editor\" data-id=\"67378388\" data-element_type=\"widget\" data-widget_type=\"text-editor.default\">\n\t\t\t\t<div class=\"elementor-widget-container\">\n\t\t\t\t\t\t\t\t\t<p><span style=\"font-weight: 400;\">Ne ocup\u0103m de loializarea clien\u021bilor existen\u021bi \u0219i reactivarea celor care nu au mai cump\u0103rat, prin campanii personalizate.<\/span><\/p>\t\t\t\t\t\t\t\t<\/div>\n\t\t\t\t<\/div>\n\t\t\t\t<\/div>\n\t\t<div class=\"elementor-element elementor-element-791c4a0f e-con-full e-flex e-con e-child\" data-id=\"791c4a0f\" data-element_type=\"container\" data-settings=\"{&quot;background_background&quot;:&quot;classic&quot;}\">\n\t\t\t\t<div class=\"elementor-element elementor-element-14b7056f elementor-widget elementor-widget-heading\" data-id=\"14b7056f\" data-element_type=\"widget\" data-widget_type=\"heading.default\">\n\t\t\t\t<div class=\"elementor-widget-container\">\n\t\t\t\t\t<h2 class=\"elementor-heading-title elementor-size-default\">Un brand perceput ca relevant \u0219i de \u00eencredere<\/h2>\t\t\t\t<\/div>\n\t\t\t\t<\/div>\n\t\t\t\t<div class=\"elementor-element elementor-element-2d99657d elementor-widget elementor-widget-text-editor\" data-id=\"2d99657d\" data-element_type=\"widget\" data-widget_type=\"text-editor.default\">\n\t\t\t\t<div class=\"elementor-widget-container\">\n\t\t\t\t\t\t\t\t\t<p><span style=\"font-weight: 400;\">Te ajut\u0103m s\u0103 r\u0103m\u00e2i top-of-mind, cu o comunicare constant\u0103 \u0219i valoroas\u0103, care \u00eent\u0103re\u0219te credibilitatea brandului t\u0103u.<\/span><\/p>\t\t\t\t\t\t\t\t<\/div>\n\t\t\t\t<\/div>\n\t\t\t\t<\/div>\n\t\t\t\t<\/div>\n\t\t\t\t\t<\/div>\n\t\t\t\t<\/div>\n\t\t<div class=\"elementor-element elementor-element-2748ccf8 e-flex e-con-boxed e-con e-parent\" data-id=\"2748ccf8\" data-element_type=\"container\">\n\t\t\t\t\t<div class=\"e-con-inner\">\n\t\t<div class=\"elementor-element elementor-element-65fc9439 e-con-full e-flex e-con e-child\" data-id=\"65fc9439\" data-element_type=\"container\" data-settings=\"{&quot;background_background&quot;:&quot;classic&quot;}\">\n\t\t\t\t<div class=\"elementor-element elementor-element-3bf96415 elementor-widget__width-initial elementor-widget elementor-widget-heading\" data-id=\"3bf96415\" data-element_type=\"widget\" data-widget_type=\"heading.default\">\n\t\t\t\t<div class=\"elementor-widget-container\">\n\t\t\t\t\t<h2 class=\"elementor-heading-title elementor-size-default\">Descoper\u0103 ce pot face emailurile bine g\u00e2ndite.<\/h2>\t\t\t\t<\/div>\n\t\t\t\t<\/div>\n\t\t\t\t<div class=\"elementor-element elementor-element-6c713771 elementor-widget__width-initial elementor-widget-mobile__width-inherit elementor-widget elementor-widget-text-editor\" data-id=\"6c713771\" data-element_type=\"widget\" data-widget_type=\"text-editor.default\">\n\t\t\t\t<div class=\"elementor-widget-container\">\n\t\t\t\t\t\t\t\t\t<p><span style=\"font-weight: 400;\">De la primul clic p\u00e2n\u0103 la client fidel \u2014 descoper\u0103 puterea email marketingului care educ\u0103, converte\u0219te \u0219i p\u0103streaz\u0103.<\/span><\/p>\t\t\t\t\t\t\t\t<\/div>\n\t\t\t\t<\/div>\n\t\t\t\t<div class=\"elementor-element elementor-element-23d2cf85 elementor-align-center elementor-widget elementor-widget-button\" data-id=\"23d2cf85\" data-element_type=\"widget\" data-widget_type=\"button.default\">\n\t\t\t\t<div class=\"elementor-widget-container\">\n\t\t\t\t\t\t\t\t\t<div class=\"elementor-button-wrapper\">\n\t\t\t\t\t<a class=\"elementor-button elementor-button-link elementor-size-sm\" href=\"https:\/\/qmarketing.ro\/ro\/#contact\">\n\t\t\t\t\t\t<span class=\"elementor-button-content-wrapper\">\n\t\t\t\t\t\t\t\t\t<span class=\"elementor-button-text\">Contacteaz\u0103-ne<\/span>\n\t\t\t\t\t<\/span>\n\t\t\t\t\t<\/a>\n\t\t\t\t<\/div>\n\t\t\t\t\t\t\t\t<\/div>\n\t\t\t\t<\/div>\n\t\t\t\t<\/div>\n\t\t\t\t\t<\/div>\n\t\t\t\t<\/div>\n\t\t\t\t<\/div>\n\t\t","protected":false},"excerpt":{"rendered":"<p>Emailul nu este mort \u2013 din contr\u0103, este canalul cu cel mai mare ROI atunci c\u00e2nd este folosit corect. Cre\u0103m campanii \u0219i automatiz\u0103ri care transform\u0103 audien\u021ba ta \u00een clien\u021bi fideli. Automatiz\u0103ri (welcome, abandon co\u0219, follow-up, post-achizi\u021bie) Newslettere lunare \u0219i campanii promo\u021bionale Segmentare inteligent\u0103 + personalizare Rapoarte de performan\u021b\u0103 detaliate Beneficii Rezultate reale, nu doar impresii [&hellip;]<\/p>\n","protected":false},"author":1,"featured_media":0,"parent":959,"menu_order":0,"comment_status":"closed","ping_status":"closed","template":"","meta":{"footnotes":""},"class_list":["post-927","page","type-page","status-publish","hentry"],"yoast_head":"<!-- This site is optimized with the Yoast SEO plugin v25.5 - https:\/\/yoast.com\/wordpress\/plugins\/seo\/ -->\n<title>Email Marketing \u0219i SMS Marketing pentru Cre\u0219terea Afacerii Tale<\/title>\n<meta name=\"description\" content=\"Email marketing \u0219i SMS marketing pentru afaceri care vor rezultate. Automatiz\u0103ri, personalizare \u0219i comunicare direct\u0103 cu clien\u021bii t\u0103i.\" \/>\n<meta name=\"robots\" content=\"index, follow, max-snippet:-1, max-image-preview:large, max-video-preview:-1\" \/>\n<link rel=\"canonical\" href=\"https:\/\/qmarketing.ro\/ro\/digital-marketing\/email-sms-marketing\/\" \/>\n<meta property=\"og:locale\" content=\"ro_RO\" \/>\n<meta property=\"og:type\" content=\"article\" \/>\n<meta property=\"og:title\" content=\"Email Marketing \u0219i SMS Marketing pentru Cre\u0219terea Afacerii Tale\" \/>\n<meta property=\"og:description\" content=\"Email marketing \u0219i SMS marketing pentru afaceri care vor rezultate. Automatiz\u0103ri, personalizare \u0219i comunicare direct\u0103 cu clien\u021bii t\u0103i.\" \/>\n<meta property=\"og:url\" content=\"https:\/\/qmarketing.ro\/ro\/digital-marketing\/email-sms-marketing\/\" \/>\n<meta property=\"og:site_name\" content=\"Quantum Marketing Lab\" \/>\n<meta property=\"article:publisher\" content=\"https:\/\/facebook.com\/Qmarketing.ro\" \/>\n<meta property=\"article:modified_time\" content=\"2025-07-23T18:06:41+00:00\" \/>\n<meta property=\"og:image\" content=\"https:\/\/qmarketing.ro\/wp-content\/uploads\/2025\/06\/Socmed.png\" \/>\n<meta name=\"twitter:card\" content=\"summary_large_image\" \/>\n<meta name=\"twitter:label1\" content=\"Timp estimat pentru citire\" \/>\n\t<meta name=\"twitter:data1\" content=\"1 minut\" \/>\n<script type=\"application\/ld+json\" class=\"yoast-schema-graph\">{\"@context\":\"https:\/\/schema.org\",\"@graph\":[{\"@type\":\"WebPage\",\"@id\":\"https:\/\/qmarketing.ro\/ro\/digital-marketing\/email-sms-marketing\/\",\"url\":\"https:\/\/qmarketing.ro\/ro\/digital-marketing\/email-sms-marketing\/\",\"name\":\"Email Marketing \u0219i SMS Marketing pentru Cre\u0219terea Afacerii Tale\",\"isPartOf\":{\"@id\":\"https:\/\/qmarketing.ro\/#website\"},\"primaryImageOfPage\":{\"@id\":\"https:\/\/qmarketing.ro\/ro\/digital-marketing\/email-sms-marketing\/#primaryimage\"},\"image\":{\"@id\":\"https:\/\/qmarketing.ro\/ro\/digital-marketing\/email-sms-marketing\/#primaryimage\"},\"thumbnailUrl\":\"https:\/\/qmarketing.ro\/wp-content\/uploads\/2025\/06\/Socmed.png\",\"datePublished\":\"2025-07-11T14:25:45+00:00\",\"dateModified\":\"2025-07-23T18:06:41+00:00\",\"description\":\"Email marketing \u0219i SMS marketing pentru afaceri care vor rezultate. Automatiz\u0103ri, personalizare \u0219i comunicare direct\u0103 cu clien\u021bii t\u0103i.\",\"breadcrumb\":{\"@id\":\"https:\/\/qmarketing.ro\/ro\/digital-marketing\/email-sms-marketing\/#breadcrumb\"},\"inLanguage\":\"ro-RO\",\"potentialAction\":[{\"@type\":\"ReadAction\",\"target\":[\"https:\/\/qmarketing.ro\/ro\/digital-marketing\/email-sms-marketing\/\"]}]},{\"@type\":\"ImageObject\",\"inLanguage\":\"ro-RO\",\"@id\":\"https:\/\/qmarketing.ro\/ro\/digital-marketing\/email-sms-marketing\/#primaryimage\",\"url\":\"https:\/\/qmarketing.ro\/wp-content\/uploads\/2025\/06\/Socmed.png\",\"contentUrl\":\"https:\/\/qmarketing.ro\/wp-content\/uploads\/2025\/06\/Socmed.png\"},{\"@type\":\"BreadcrumbList\",\"@id\":\"https:\/\/qmarketing.ro\/ro\/digital-marketing\/email-sms-marketing\/#breadcrumb\",\"itemListElement\":[{\"@type\":\"ListItem\",\"position\":1,\"name\":\"Home\",\"item\":\"https:\/\/qmarketing.ro\/ro\/\"},{\"@type\":\"ListItem\",\"position\":2,\"name\":\"Digital Marketing\",\"item\":\"https:\/\/qmarketing.ro\/ro\/digital-marketing\/\"},{\"@type\":\"ListItem\",\"position\":3,\"name\":\"Email &amp; SMS marketing\"}]},{\"@type\":\"WebSite\",\"@id\":\"https:\/\/qmarketing.ro\/#website\",\"url\":\"https:\/\/qmarketing.ro\/\",\"name\":\"Quantum Marketing Lab\",\"description\":\"Expert Digital Marketing Services Tailored for Success\",\"publisher\":{\"@id\":\"https:\/\/qmarketing.ro\/#organization\"},\"potentialAction\":[{\"@type\":\"SearchAction\",\"target\":{\"@type\":\"EntryPoint\",\"urlTemplate\":\"https:\/\/qmarketing.ro\/?s={search_term_string}\"},\"query-input\":{\"@type\":\"PropertyValueSpecification\",\"valueRequired\":true,\"valueName\":\"search_term_string\"}}],\"inLanguage\":\"ro-RO\"},{\"@type\":\"Organization\",\"@id\":\"https:\/\/qmarketing.ro\/#organization\",\"name\":\"Quantum Marketing Lab\",\"url\":\"https:\/\/qmarketing.ro\/\",\"logo\":{\"@type\":\"ImageObject\",\"inLanguage\":\"ro-RO\",\"@id\":\"https:\/\/qmarketing.ro\/#\/schema\/logo\/image\/\",\"url\":\"https:\/\/qmarketing.ro\/wp-content\/uploads\/2025\/07\/logo-quantum.webp\",\"contentUrl\":\"https:\/\/qmarketing.ro\/wp-content\/uploads\/2025\/07\/logo-quantum.webp\",\"width\":1000,\"height\":1000,\"caption\":\"Quantum Marketing Lab\"},\"image\":{\"@id\":\"https:\/\/qmarketing.ro\/#\/schema\/logo\/image\/\"},\"sameAs\":[\"https:\/\/facebook.com\/Qmarketing.ro\",\"https:\/\/instagram.com\/Qmarketing.ro\"]}]}<\/script>\n<!-- \/ Yoast SEO plugin. -->","yoast_head_json":{"title":"Email Marketing \u0219i SMS Marketing pentru Cre\u0219terea Afacerii Tale","description":"Email marketing \u0219i SMS marketing pentru afaceri care vor rezultate. Automatiz\u0103ri, personalizare \u0219i comunicare direct\u0103 cu clien\u021bii t\u0103i.","robots":{"index":"index","follow":"follow","max-snippet":"max-snippet:-1","max-image-preview":"max-image-preview:large","max-video-preview":"max-video-preview:-1"},"canonical":"https:\/\/qmarketing.ro\/ro\/digital-marketing\/email-sms-marketing\/","og_locale":"ro_RO","og_type":"article","og_title":"Email Marketing \u0219i SMS Marketing pentru Cre\u0219terea Afacerii Tale","og_description":"Email marketing \u0219i SMS marketing pentru afaceri care vor rezultate. Automatiz\u0103ri, personalizare \u0219i comunicare direct\u0103 cu clien\u021bii t\u0103i.","og_url":"https:\/\/qmarketing.ro\/ro\/digital-marketing\/email-sms-marketing\/","og_site_name":"Quantum Marketing Lab","article_publisher":"https:\/\/facebook.com\/Qmarketing.ro","article_modified_time":"2025-07-23T18:06:41+00:00","og_image":[{"url":"https:\/\/qmarketing.ro\/wp-content\/uploads\/2025\/06\/Socmed.png","type":"","width":"","height":""}],"twitter_card":"summary_large_image","twitter_misc":{"Timp estimat pentru citire":"1 minut"},"schema":{"@context":"https:\/\/schema.org","@graph":[{"@type":"WebPage","@id":"https:\/\/qmarketing.ro\/ro\/digital-marketing\/email-sms-marketing\/","url":"https:\/\/qmarketing.ro\/ro\/digital-marketing\/email-sms-marketing\/","name":"Email Marketing \u0219i SMS Marketing pentru Cre\u0219terea Afacerii Tale","isPartOf":{"@id":"https:\/\/qmarketing.ro\/#website"},"primaryImageOfPage":{"@id":"https:\/\/qmarketing.ro\/ro\/digital-marketing\/email-sms-marketing\/#primaryimage"},"image":{"@id":"https:\/\/qmarketing.ro\/ro\/digital-marketing\/email-sms-marketing\/#primaryimage"},"thumbnailUrl":"https:\/\/qmarketing.ro\/wp-content\/uploads\/2025\/06\/Socmed.png","datePublished":"2025-07-11T14:25:45+00:00","dateModified":"2025-07-23T18:06:41+00:00","description":"Email marketing \u0219i SMS marketing pentru afaceri care vor rezultate. Automatiz\u0103ri, personalizare \u0219i comunicare direct\u0103 cu clien\u021bii t\u0103i.","breadcrumb":{"@id":"https:\/\/qmarketing.ro\/ro\/digital-marketing\/email-sms-marketing\/#breadcrumb"},"inLanguage":"ro-RO","potentialAction":[{"@type":"ReadAction","target":["https:\/\/qmarketing.ro\/ro\/digital-marketing\/email-sms-marketing\/"]}]},{"@type":"ImageObject","inLanguage":"ro-RO","@id":"https:\/\/qmarketing.ro\/ro\/digital-marketing\/email-sms-marketing\/#primaryimage","url":"https:\/\/qmarketing.ro\/wp-content\/uploads\/2025\/06\/Socmed.png","contentUrl":"https:\/\/qmarketing.ro\/wp-content\/uploads\/2025\/06\/Socmed.png"},{"@type":"BreadcrumbList","@id":"https:\/\/qmarketing.ro\/ro\/digital-marketing\/email-sms-marketing\/#breadcrumb","itemListElement":[{"@type":"ListItem","position":1,"name":"Home","item":"https:\/\/qmarketing.ro\/ro\/"},{"@type":"ListItem","position":2,"name":"Digital Marketing","item":"https:\/\/qmarketing.ro\/ro\/digital-marketing\/"},{"@type":"ListItem","position":3,"name":"Email &amp; SMS marketing"}]},{"@type":"WebSite","@id":"https:\/\/qmarketing.ro\/#website","url":"https:\/\/qmarketing.ro\/","name":"Quantum Marketing Lab","description":"Expert Digital Marketing Services Tailored for Success","publisher":{"@id":"https:\/\/qmarketing.ro\/#organization"},"potentialAction":[{"@type":"SearchAction","target":{"@type":"EntryPoint","urlTemplate":"https:\/\/qmarketing.ro\/?s={search_term_string}"},"query-input":{"@type":"PropertyValueSpecification","valueRequired":true,"valueName":"search_term_string"}}],"inLanguage":"ro-RO"},{"@type":"Organization","@id":"https:\/\/qmarketing.ro\/#organization","name":"Quantum Marketing Lab","url":"https:\/\/qmarketing.ro\/","logo":{"@type":"ImageObject","inLanguage":"ro-RO","@id":"https:\/\/qmarketing.ro\/#\/schema\/logo\/image\/","url":"https:\/\/qmarketing.ro\/wp-content\/uploads\/2025\/07\/logo-quantum.webp","contentUrl":"https:\/\/qmarketing.ro\/wp-content\/uploads\/2025\/07\/logo-quantum.webp","width":1000,"height":1000,"caption":"Quantum Marketing Lab"},"image":{"@id":"https:\/\/qmarketing.ro\/#\/schema\/logo\/image\/"},"sameAs":["https:\/\/facebook.com\/Qmarketing.ro","https:\/\/instagram.com\/Qmarketing.ro"]}]}},"_links":{"self":[{"href":"https:\/\/qmarketing.ro\/ro\/wp-json\/wp\/v2\/pages\/927","targetHints":{"allow":["GET"]}}],"collection":[{"href":"https:\/\/qmarketing.ro\/ro\/wp-json\/wp\/v2\/pages"}],"about":[{"href":"https:\/\/qmarketing.ro\/ro\/wp-json\/wp\/v2\/types\/page"}],"author":[{"embeddable":true,"href":"https:\/\/qmarketing.ro\/ro\/wp-json\/wp\/v2\/users\/1"}],"replies":[{"embeddable":true,"href":"https:\/\/qmarketing.ro\/ro\/wp-json\/wp\/v2\/comments?post=927"}],"version-history":[{"count":6,"href":"https:\/\/qmarketing.ro\/ro\/wp-json\/wp\/v2\/pages\/927\/revisions"}],"predecessor-version":[{"id":1045,"href":"https:\/\/qmarketing.ro\/ro\/wp-json\/wp\/v2\/pages\/927\/revisions\/1045"}],"up":[{"embeddable":true,"href":"https:\/\/qmarketing.ro\/ro\/wp-json\/wp\/v2\/pages\/959"}],"wp:attachment":[{"href":"https:\/\/qmarketing.ro\/ro\/wp-json\/wp\/v2\/media?parent=927"}],"curies":[{"name":"wp","href":"https:\/\/api.w.org\/{rel}","templated":true}]}}