{"id":929,"date":"2025-07-11T14:26:11","date_gmt":"2025-07-11T14:26:11","guid":{"rendered":"https:\/\/qmarketing.ro\/content-marketing-branding\/"},"modified":"2025-07-23T17:47:22","modified_gmt":"2025-07-23T17:47:22","slug":"content-marketing-branding","status":"publish","type":"page","link":"https:\/\/qmarketing.ro\/ro\/digital-marketing\/content-marketing-branding\/","title":{"rendered":"Content marketing &amp; branding"},"content":{"rendered":"\t\t<div data-elementor-type=\"wp-page\" data-elementor-id=\"929\" class=\"elementor elementor-929 elementor-401\" data-elementor-post-type=\"page\">\n\t\t\t\t<div class=\"elementor-element elementor-element-15f7aa1 e-flex e-con-boxed e-con e-parent\" data-id=\"15f7aa1\" data-element_type=\"container\">\n\t\t\t\t\t<div class=\"e-con-inner\">\n\t\t<div class=\"elementor-element elementor-element-2d3cd581 e-con-full e-flex e-con e-child\" data-id=\"2d3cd581\" data-element_type=\"container\">\n\t\t\t\t<div class=\"elementor-element elementor-element-6d49b421 elementor-widget elementor-widget-heading\" data-id=\"6d49b421\" data-element_type=\"widget\" data-widget_type=\"heading.default\">\n\t\t\t\t<div class=\"elementor-widget-container\">\n\t\t\t\t\t<h2 class=\"elementor-heading-title elementor-size-default\">Content marketing &amp; branding<\/h2>\t\t\t\t<\/div>\n\t\t\t\t<\/div>\n\t\t\t\t<div class=\"elementor-element elementor-element-32434653 elementor-widget elementor-widget-text-editor\" data-id=\"32434653\" data-element_type=\"widget\" data-widget_type=\"text-editor.default\">\n\t\t\t\t<div class=\"elementor-widget-container\">\n\t\t\t\t\t\t\t\t\t<p><span style=\"font-weight: 400;\">Un brand memorabil nu se construie\u0219te peste noapte. \u00ce\u021bi definim identitatea \u0219i spunem povestea ta \u00eentr-un mod coerent \u0219i conving\u0103tor \u2013 astfel \u00eenc\u00e2t publicul s\u0103 te recunoasc\u0103, s\u0103 se conecteze cu tine \u0219i s\u0103 cumpere. <\/span><\/p>\t\t\t\t\t\t\t\t<\/div>\n\t\t\t\t<\/div>\n\t\t\t\t<div class=\"elementor-element elementor-element-1516310b elementor-mobile-align-left elementor-icon-list--layout-traditional elementor-list-item-link-full_width elementor-widget elementor-widget-icon-list\" data-id=\"1516310b\" data-element_type=\"widget\" data-widget_type=\"icon-list.default\">\n\t\t\t\t<div class=\"elementor-widget-container\">\n\t\t\t\t\t\t\t<ul class=\"elementor-icon-list-items\">\n\t\t\t\t\t\t\t<li class=\"elementor-icon-list-item\">\n\t\t\t\t\t\t\t\t\t\t\t<span class=\"elementor-icon-list-icon\">\n\t\t\t\t\t\t\t<svg aria-hidden=\"true\" class=\"e-font-icon-svg e-fas-check\" viewBox=\"0 0 512 512\" xmlns=\"http:\/\/www.w3.org\/2000\/svg\"><path d=\"M173.898 439.404l-166.4-166.4c-9.997-9.997-9.997-26.206 0-36.204l36.203-36.204c9.997-9.998 26.207-9.998 36.204 0L192 312.69 432.095 72.596c9.997-9.997 26.207-9.997 36.204 0l36.203 36.204c9.997 9.997 9.997 26.206 0 36.204l-294.4 294.401c-9.998 9.997-26.207 9.997-36.204-.001z\"><\/path><\/svg>\t\t\t\t\t\t<\/span>\n\t\t\t\t\t\t\t\t\t\t<span class=\"elementor-icon-list-text\">Definirea tonului \u0219i mesajului de brand<\/span>\n\t\t\t\t\t\t\t\t\t<\/li>\n\t\t\t\t\t\t\t\t<li class=\"elementor-icon-list-item\">\n\t\t\t\t\t\t\t\t\t\t\t<span class=\"elementor-icon-list-icon\">\n\t\t\t\t\t\t\t<svg aria-hidden=\"true\" class=\"e-font-icon-svg e-fas-check\" viewBox=\"0 0 512 512\" xmlns=\"http:\/\/www.w3.org\/2000\/svg\"><path d=\"M173.898 439.404l-166.4-166.4c-9.997-9.997-9.997-26.206 0-36.204l36.203-36.204c9.997-9.998 26.207-9.998 36.204 0L192 312.69 432.095 72.596c9.997-9.997 26.207-9.997 36.204 0l36.203 36.204c9.997 9.997 9.997 26.206 0 36.204l-294.4 294.401c-9.998 9.997-26.207 9.997-36.204-.001z\"><\/path><\/svg>\t\t\t\t\t\t<\/span>\n\t\t\t\t\t\t\t\t\t\t<span class=\"elementor-icon-list-text\">Identitate vizual\u0103 (logo, culori, fonturi)<\/span>\n\t\t\t\t\t\t\t\t\t<\/li>\n\t\t\t\t\t\t\t\t<li class=\"elementor-icon-list-item\">\n\t\t\t\t\t\t\t\t\t\t\t<span class=\"elementor-icon-list-icon\">\n\t\t\t\t\t\t\t<svg aria-hidden=\"true\" class=\"e-font-icon-svg e-fas-check\" viewBox=\"0 0 512 512\" xmlns=\"http:\/\/www.w3.org\/2000\/svg\"><path d=\"M173.898 439.404l-166.4-166.4c-9.997-9.997-9.997-26.206 0-36.204l36.203-36.204c9.997-9.998 26.207-9.998 36.204 0L192 312.69 432.095 72.596c9.997-9.997 26.207-9.997 36.204 0l36.203 36.204c9.997 9.997 9.997 26.206 0 36.204l-294.4 294.401c-9.998 9.997-26.207 9.997-36.204-.001z\"><\/path><\/svg>\t\t\t\t\t\t<\/span>\n\t\t\t\t\t\t\t\t\t\t<span class=\"elementor-icon-list-text\">Strategii de con\u021binut \u0219i calendare editoriale<\/span>\n\t\t\t\t\t\t\t\t\t<\/li>\n\t\t\t\t\t\t\t\t<li class=\"elementor-icon-list-item\">\n\t\t\t\t\t\t\t\t\t\t\t<span class=\"elementor-icon-list-icon\">\n\t\t\t\t\t\t\t<svg aria-hidden=\"true\" class=\"e-font-icon-svg e-fas-check\" viewBox=\"0 0 512 512\" xmlns=\"http:\/\/www.w3.org\/2000\/svg\"><path d=\"M173.898 439.404l-166.4-166.4c-9.997-9.997-9.997-26.206 0-36.204l36.203-36.204c9.997-9.998 26.207-9.998 36.204 0L192 312.69 432.095 72.596c9.997-9.997 26.207-9.997 36.204 0l36.203 36.204c9.997 9.997 9.997 26.206 0 36.204l-294.4 294.401c-9.998 9.997-26.207 9.997-36.204-.001z\"><\/path><\/svg>\t\t\t\t\t\t<\/span>\n\t\t\t\t\t\t\t\t\t\t<span class=\"elementor-icon-list-text\">Copywriting pentru pagini de v\u00e2nzare, reclame \u0219i emailuri<\/span>\n\t\t\t\t\t\t\t\t\t<\/li>\n\t\t\t\t\t\t<\/ul>\n\t\t\t\t\t\t<\/div>\n\t\t\t\t<\/div>\n\t\t\t\t<\/div>\n\t\t<div class=\"elementor-element elementor-element-245a5a6e e-con-full e-flex e-con e-child\" data-id=\"245a5a6e\" data-element_type=\"container\" data-settings=\"{&quot;background_background&quot;:&quot;classic&quot;}\">\n\t\t\t\t<div class=\"elementor-element elementor-element-4fc597d1 elementor-widget elementor-widget-image\" data-id=\"4fc597d1\" data-element_type=\"widget\" data-widget_type=\"image.default\">\n\t\t\t\t<div class=\"elementor-widget-container\">\n\t\t\t\t\t\t\t\t\t\t\t\t\t\t\t<img fetchpriority=\"high\" decoding=\"async\" width=\"535\" height=\"426\" src=\"https:\/\/qmarketing.ro\/wp-content\/uploads\/2025\/06\/PPC-Ads.png\" class=\"attachment-large size-large wp-image-879\" alt=\"Optimizarea afacerii si sisteme\" srcset=\"https:\/\/qmarketing.ro\/wp-content\/uploads\/2025\/06\/PPC-Ads.png 535w, https:\/\/qmarketing.ro\/wp-content\/uploads\/2025\/06\/PPC-Ads-300x239.png 300w\" sizes=\"(max-width: 535px) 100vw, 535px\" \/>\t\t\t\t\t\t\t\t\t\t\t\t\t\t\t<\/div>\n\t\t\t\t<\/div>\n\t\t\t\t<\/div>\n\t\t\t\t\t<\/div>\n\t\t\t\t<\/div>\n\t\t<div class=\"elementor-element elementor-element-540e1819 e-flex e-con-boxed e-con e-parent\" data-id=\"540e1819\" data-element_type=\"container\">\n\t\t\t\t\t<div class=\"e-con-inner\">\n\t\t\t\t<div class=\"elementor-element elementor-element-679dd645 elementor-icon-list--layout-traditional elementor-list-item-link-full_width elementor-widget elementor-widget-icon-list\" data-id=\"679dd645\" data-element_type=\"widget\" data-widget_type=\"icon-list.default\">\n\t\t\t\t<div class=\"elementor-widget-container\">\n\t\t\t\t\t\t\t<ul class=\"elementor-icon-list-items\">\n\t\t\t\t\t\t\t<li class=\"elementor-icon-list-item\">\n\t\t\t\t\t\t\t\t\t\t\t<span class=\"elementor-icon-list-icon\">\n\t\t\t\t\t\t\t<svg aria-hidden=\"true\" class=\"e-font-icon-svg e-fas-circle\" viewBox=\"0 0 512 512\" xmlns=\"http:\/\/www.w3.org\/2000\/svg\"><path d=\"M256 8C119 8 8 119 8 256s111 248 248 248 248-111 248-248S393 8 256 8z\"><\/path><\/svg>\t\t\t\t\t\t<\/span>\n\t\t\t\t\t\t\t\t\t\t<span class=\"elementor-icon-list-text\">Beneficii<\/span>\n\t\t\t\t\t\t\t\t\t<\/li>\n\t\t\t\t\t\t<\/ul>\n\t\t\t\t\t\t<\/div>\n\t\t\t\t<\/div>\n\t\t\t\t<div class=\"elementor-element elementor-element-7318227e elementor-widget__width-initial elementor-widget elementor-widget-heading\" data-id=\"7318227e\" data-element_type=\"widget\" data-widget_type=\"heading.default\">\n\t\t\t\t<div class=\"elementor-widget-container\">\n\t\t\t\t\t<h2 class=\"elementor-heading-title elementor-size-default\">Rezultate reale, nu doar impresii<\/h2>\t\t\t\t<\/div>\n\t\t\t\t<\/div>\n\t\t<div class=\"elementor-element elementor-element-3754c866 e-con-full e-flex e-con e-child\" data-id=\"3754c866\" data-element_type=\"container\">\n\t\t<div class=\"elementor-element elementor-element-7e9b9182 e-con-full e-flex e-con e-child\" data-id=\"7e9b9182\" data-element_type=\"container\" data-settings=\"{&quot;background_background&quot;:&quot;classic&quot;}\">\n\t\t\t\t<div class=\"elementor-element elementor-element-4bd3a5a4 elementor-widget elementor-widget-heading\" data-id=\"4bd3a5a4\" data-element_type=\"widget\" data-widget_type=\"heading.default\">\n\t\t\t\t<div class=\"elementor-widget-container\">\n\t\t\t\t\t<h2 class=\"elementor-heading-title elementor-size-default\">Coeren\u021b\u0103 pe toate canalele de comunicare<\/h2>\t\t\t\t<\/div>\n\t\t\t\t<\/div>\n\t\t\t\t<div class=\"elementor-element elementor-element-32f8a5e2 elementor-widget elementor-widget-text-editor\" data-id=\"32f8a5e2\" data-element_type=\"widget\" data-widget_type=\"text-editor.default\">\n\t\t\t\t<div class=\"elementor-widget-container\">\n\t\t\t\t\t\t\t\t\t<p><span style=\"font-weight: 400;\">Asigur\u0103m consisten\u021b\u0103 \u00een mesaj, ton \u0219i imagine \u2013 indiferent de platform\u0103 \u2013 pentru o prezen\u021b\u0103 solid\u0103 \u0219i memorabil\u0103.<\/span><\/p>\t\t\t\t\t\t\t\t<\/div>\n\t\t\t\t<\/div>\n\t\t\t\t<\/div>\n\t\t<div class=\"elementor-element elementor-element-4fc5326e e-con-full e-flex e-con e-child\" data-id=\"4fc5326e\" data-element_type=\"container\" data-settings=\"{&quot;background_background&quot;:&quot;classic&quot;}\">\n\t\t\t\t<div class=\"elementor-element elementor-element-9459d47 elementor-widget elementor-widget-heading\" data-id=\"9459d47\" data-element_type=\"widget\" data-widget_type=\"heading.default\">\n\t\t\t\t<div class=\"elementor-widget-container\">\n\t\t\t\t\t<h2 class=\"elementor-heading-title elementor-size-default\">Diferen\u021biere clar\u0103 fa\u021b\u0103 de competitori<\/h2>\t\t\t\t<\/div>\n\t\t\t\t<\/div>\n\t\t\t\t<div class=\"elementor-element elementor-element-781caa02 elementor-widget elementor-widget-text-editor\" data-id=\"781caa02\" data-element_type=\"widget\" data-widget_type=\"text-editor.default\">\n\t\t\t\t<div class=\"elementor-widget-container\">\n\t\t\t\t\t\t\t\t\t<p><span style=\"font-weight: 400;\">Te ajut\u0103m s\u0103 sco\u021bi \u00een eviden\u021b\u0103 ceea ce te face unic, ca s\u0103 atragi exact publicul potrivit.<\/span><\/p>\t\t\t\t\t\t\t\t<\/div>\n\t\t\t\t<\/div>\n\t\t\t\t<\/div>\n\t\t<div class=\"elementor-element elementor-element-51966799 e-con-full e-flex e-con e-child\" data-id=\"51966799\" data-element_type=\"container\" data-settings=\"{&quot;background_background&quot;:&quot;classic&quot;}\">\n\t\t\t\t<div class=\"elementor-element elementor-element-4c539243 elementor-widget elementor-widget-heading\" data-id=\"4c539243\" data-element_type=\"widget\" data-widget_type=\"heading.default\">\n\t\t\t\t<div class=\"elementor-widget-container\">\n\t\t\t\t\t<h2 class=\"elementor-heading-title elementor-size-default\">Imagine profesional\u0103 care inspir\u0103 \u00eencredere<\/h2>\t\t\t\t<\/div>\n\t\t\t\t<\/div>\n\t\t\t\t<div class=\"elementor-element elementor-element-6f3f3048 elementor-widget elementor-widget-text-editor\" data-id=\"6f3f3048\" data-element_type=\"widget\" data-widget_type=\"text-editor.default\">\n\t\t\t\t<div class=\"elementor-widget-container\">\n\t\t\t\t\t\t\t\t\t<p><span style=\"font-weight: 400;\">Fiecare element, de la design la con\u021binut, transmite profesionalism \u0219i credibilitate \u2013 esen\u021bial pentru a c\u00e2\u0219tiga \u00eencrederea clien\u021bilor.<\/span><\/p>\t\t\t\t\t\t\t\t<\/div>\n\t\t\t\t<\/div>\n\t\t\t\t<\/div>\n\t\t\t\t<\/div>\n\t\t\t\t\t<\/div>\n\t\t\t\t<\/div>\n\t\t<div class=\"elementor-element elementor-element-3b515ecc e-flex e-con-boxed e-con e-parent\" data-id=\"3b515ecc\" data-element_type=\"container\">\n\t\t\t\t\t<div class=\"e-con-inner\">\n\t\t<div class=\"elementor-element elementor-element-43506da8 e-con-full e-flex e-con e-child\" data-id=\"43506da8\" data-element_type=\"container\" data-settings=\"{&quot;background_background&quot;:&quot;classic&quot;}\">\n\t\t\t\t<div class=\"elementor-element elementor-element-e0b1f0a elementor-widget__width-initial elementor-widget elementor-widget-heading\" data-id=\"e0b1f0a\" data-element_type=\"widget\" data-widget_type=\"heading.default\">\n\t\t\t\t<div class=\"elementor-widget-container\">\n\t\t\t\t\t<h2 class=\"elementor-heading-title elementor-size-default\">F\u0103-\u021bi brandul imposibil de ignorat.<\/h2>\t\t\t\t<\/div>\n\t\t\t\t<\/div>\n\t\t\t\t<div class=\"elementor-element elementor-element-7a2283f8 elementor-widget__width-initial elementor-widget-mobile__width-inherit elementor-widget elementor-widget-text-editor\" data-id=\"7a2283f8\" data-element_type=\"widget\" data-widget_type=\"text-editor.default\">\n\t\t\t\t<div class=\"elementor-widget-container\">\n\t\t\t\t\t\t\t\t\t<p><span style=\"font-weight: 400;\">Ie\u0219i \u00een eviden\u021b\u0103 cu o identitate puternic\u0103, strategic construit\u0103, care atrage aten\u021bia, inspir\u0103 \u00eencredere \u0219i genereaz\u0103 ac\u021biune.<\/span><\/p>\t\t\t\t\t\t\t\t<\/div>\n\t\t\t\t<\/div>\n\t\t\t\t<div class=\"elementor-element elementor-element-5928635a elementor-align-center elementor-widget elementor-widget-button\" data-id=\"5928635a\" data-element_type=\"widget\" data-widget_type=\"button.default\">\n\t\t\t\t<div class=\"elementor-widget-container\">\n\t\t\t\t\t\t\t\t\t<div class=\"elementor-button-wrapper\">\n\t\t\t\t\t<a class=\"elementor-button elementor-button-link elementor-size-sm\" href=\"https:\/\/qmarketing.ro\/ro\/#contact\">\n\t\t\t\t\t\t<span class=\"elementor-button-content-wrapper\">\n\t\t\t\t\t\t\t\t\t<span class=\"elementor-button-text\">Contacteaz\u0103-ne<\/span>\n\t\t\t\t\t<\/span>\n\t\t\t\t\t<\/a>\n\t\t\t\t<\/div>\n\t\t\t\t\t\t\t\t<\/div>\n\t\t\t\t<\/div>\n\t\t\t\t<\/div>\n\t\t\t\t\t<\/div>\n\t\t\t\t<\/div>\n\t\t\t\t<\/div>\n\t\t","protected":false},"excerpt":{"rendered":"<p>Un brand memorabil nu se construie\u0219te peste noapte. \u00ce\u021bi definim identitatea \u0219i spunem povestea ta \u00eentr-un mod coerent \u0219i conving\u0103tor \u2013 astfel \u00eenc\u00e2t publicul s\u0103 te recunoasc\u0103, s\u0103 se conecteze cu tine \u0219i s\u0103 cumpere. Definirea tonului \u0219i mesajului de brand Identitate vizual\u0103 (logo, culori, fonturi) Strategii de con\u021binut \u0219i calendare editoriale Copywriting pentru pagini [&hellip;]<\/p>\n","protected":false},"author":1,"featured_media":0,"parent":959,"menu_order":0,"comment_status":"closed","ping_status":"closed","template":"","meta":{"footnotes":""},"class_list":["post-929","page","type-page","status-publish","hentry"],"yoast_head":"<!-- This site is optimized with the Yoast SEO plugin v25.5 - https:\/\/yoast.com\/wordpress\/plugins\/seo\/ -->\n<title>Content Marketing pentru Cre\u0219terea Brandului T\u0103u<\/title>\n<meta name=\"description\" content=\"Content marketing eficient \u0219i branding creativ pentru afaceri \u00een cre\u0219tere. Planuri clare, con\u021binut de calitate, rezultate m\u0103surabile.\" \/>\n<meta name=\"robots\" content=\"index, follow, max-snippet:-1, max-image-preview:large, max-video-preview:-1\" \/>\n<link rel=\"canonical\" href=\"https:\/\/qmarketing.ro\/ro\/digital-marketing\/content-marketing-branding\/\" \/>\n<meta property=\"og:locale\" content=\"ro_RO\" \/>\n<meta property=\"og:type\" content=\"article\" \/>\n<meta property=\"og:title\" content=\"Content Marketing pentru Cre\u0219terea Brandului T\u0103u\" \/>\n<meta property=\"og:description\" content=\"Content marketing eficient \u0219i branding creativ pentru afaceri \u00een cre\u0219tere. Planuri clare, con\u021binut de calitate, rezultate m\u0103surabile.\" \/>\n<meta property=\"og:url\" content=\"https:\/\/qmarketing.ro\/ro\/digital-marketing\/content-marketing-branding\/\" \/>\n<meta property=\"og:site_name\" content=\"Quantum Marketing Lab\" \/>\n<meta property=\"article:publisher\" content=\"https:\/\/facebook.com\/Qmarketing.ro\" \/>\n<meta property=\"article:modified_time\" content=\"2025-07-23T17:47:22+00:00\" \/>\n<meta property=\"og:image\" content=\"https:\/\/qmarketing.ro\/wp-content\/uploads\/2025\/06\/PPC-Ads.png\" \/>\n<meta name=\"twitter:card\" content=\"summary_large_image\" \/>\n<meta name=\"twitter:label1\" content=\"Timp estimat pentru citire\" \/>\n\t<meta name=\"twitter:data1\" content=\"1 minut\" \/>\n<script type=\"application\/ld+json\" class=\"yoast-schema-graph\">{\"@context\":\"https:\/\/schema.org\",\"@graph\":[{\"@type\":\"WebPage\",\"@id\":\"https:\/\/qmarketing.ro\/ro\/digital-marketing\/content-marketing-branding\/\",\"url\":\"https:\/\/qmarketing.ro\/ro\/digital-marketing\/content-marketing-branding\/\",\"name\":\"Content Marketing pentru Cre\u0219terea Brandului T\u0103u\",\"isPartOf\":{\"@id\":\"https:\/\/qmarketing.ro\/#website\"},\"primaryImageOfPage\":{\"@id\":\"https:\/\/qmarketing.ro\/ro\/digital-marketing\/content-marketing-branding\/#primaryimage\"},\"image\":{\"@id\":\"https:\/\/qmarketing.ro\/ro\/digital-marketing\/content-marketing-branding\/#primaryimage\"},\"thumbnailUrl\":\"https:\/\/qmarketing.ro\/wp-content\/uploads\/2025\/06\/PPC-Ads.png\",\"datePublished\":\"2025-07-11T14:26:11+00:00\",\"dateModified\":\"2025-07-23T17:47:22+00:00\",\"description\":\"Content marketing eficient \u0219i branding creativ pentru afaceri \u00een cre\u0219tere. Planuri clare, con\u021binut de calitate, rezultate m\u0103surabile.\",\"breadcrumb\":{\"@id\":\"https:\/\/qmarketing.ro\/ro\/digital-marketing\/content-marketing-branding\/#breadcrumb\"},\"inLanguage\":\"ro-RO\",\"potentialAction\":[{\"@type\":\"ReadAction\",\"target\":[\"https:\/\/qmarketing.ro\/ro\/digital-marketing\/content-marketing-branding\/\"]}]},{\"@type\":\"ImageObject\",\"inLanguage\":\"ro-RO\",\"@id\":\"https:\/\/qmarketing.ro\/ro\/digital-marketing\/content-marketing-branding\/#primaryimage\",\"url\":\"https:\/\/qmarketing.ro\/wp-content\/uploads\/2025\/06\/PPC-Ads.png\",\"contentUrl\":\"https:\/\/qmarketing.ro\/wp-content\/uploads\/2025\/06\/PPC-Ads.png\"},{\"@type\":\"BreadcrumbList\",\"@id\":\"https:\/\/qmarketing.ro\/ro\/digital-marketing\/content-marketing-branding\/#breadcrumb\",\"itemListElement\":[{\"@type\":\"ListItem\",\"position\":1,\"name\":\"Home\",\"item\":\"https:\/\/qmarketing.ro\/ro\/\"},{\"@type\":\"ListItem\",\"position\":2,\"name\":\"Digital Marketing\",\"item\":\"https:\/\/qmarketing.ro\/ro\/digital-marketing\/\"},{\"@type\":\"ListItem\",\"position\":3,\"name\":\"Content marketing &amp; branding\"}]},{\"@type\":\"WebSite\",\"@id\":\"https:\/\/qmarketing.ro\/#website\",\"url\":\"https:\/\/qmarketing.ro\/\",\"name\":\"Quantum Marketing Lab\",\"description\":\"Expert Digital Marketing Services Tailored for Success\",\"publisher\":{\"@id\":\"https:\/\/qmarketing.ro\/#organization\"},\"potentialAction\":[{\"@type\":\"SearchAction\",\"target\":{\"@type\":\"EntryPoint\",\"urlTemplate\":\"https:\/\/qmarketing.ro\/?s={search_term_string}\"},\"query-input\":{\"@type\":\"PropertyValueSpecification\",\"valueRequired\":true,\"valueName\":\"search_term_string\"}}],\"inLanguage\":\"ro-RO\"},{\"@type\":\"Organization\",\"@id\":\"https:\/\/qmarketing.ro\/#organization\",\"name\":\"Quantum Marketing Lab\",\"url\":\"https:\/\/qmarketing.ro\/\",\"logo\":{\"@type\":\"ImageObject\",\"inLanguage\":\"ro-RO\",\"@id\":\"https:\/\/qmarketing.ro\/#\/schema\/logo\/image\/\",\"url\":\"https:\/\/qmarketing.ro\/wp-content\/uploads\/2025\/07\/logo-quantum.webp\",\"contentUrl\":\"https:\/\/qmarketing.ro\/wp-content\/uploads\/2025\/07\/logo-quantum.webp\",\"width\":1000,\"height\":1000,\"caption\":\"Quantum Marketing Lab\"},\"image\":{\"@id\":\"https:\/\/qmarketing.ro\/#\/schema\/logo\/image\/\"},\"sameAs\":[\"https:\/\/facebook.com\/Qmarketing.ro\",\"https:\/\/instagram.com\/Qmarketing.ro\"]}]}<\/script>\n<!-- \/ Yoast SEO plugin. -->","yoast_head_json":{"title":"Content Marketing pentru Cre\u0219terea Brandului T\u0103u","description":"Content marketing eficient \u0219i branding creativ pentru afaceri \u00een cre\u0219tere. Planuri clare, con\u021binut de calitate, rezultate m\u0103surabile.","robots":{"index":"index","follow":"follow","max-snippet":"max-snippet:-1","max-image-preview":"max-image-preview:large","max-video-preview":"max-video-preview:-1"},"canonical":"https:\/\/qmarketing.ro\/ro\/digital-marketing\/content-marketing-branding\/","og_locale":"ro_RO","og_type":"article","og_title":"Content Marketing pentru Cre\u0219terea Brandului T\u0103u","og_description":"Content marketing eficient \u0219i branding creativ pentru afaceri \u00een cre\u0219tere. Planuri clare, con\u021binut de calitate, rezultate m\u0103surabile.","og_url":"https:\/\/qmarketing.ro\/ro\/digital-marketing\/content-marketing-branding\/","og_site_name":"Quantum Marketing Lab","article_publisher":"https:\/\/facebook.com\/Qmarketing.ro","article_modified_time":"2025-07-23T17:47:22+00:00","og_image":[{"url":"https:\/\/qmarketing.ro\/wp-content\/uploads\/2025\/06\/PPC-Ads.png","type":"","width":"","height":""}],"twitter_card":"summary_large_image","twitter_misc":{"Timp estimat pentru citire":"1 minut"},"schema":{"@context":"https:\/\/schema.org","@graph":[{"@type":"WebPage","@id":"https:\/\/qmarketing.ro\/ro\/digital-marketing\/content-marketing-branding\/","url":"https:\/\/qmarketing.ro\/ro\/digital-marketing\/content-marketing-branding\/","name":"Content Marketing pentru Cre\u0219terea Brandului T\u0103u","isPartOf":{"@id":"https:\/\/qmarketing.ro\/#website"},"primaryImageOfPage":{"@id":"https:\/\/qmarketing.ro\/ro\/digital-marketing\/content-marketing-branding\/#primaryimage"},"image":{"@id":"https:\/\/qmarketing.ro\/ro\/digital-marketing\/content-marketing-branding\/#primaryimage"},"thumbnailUrl":"https:\/\/qmarketing.ro\/wp-content\/uploads\/2025\/06\/PPC-Ads.png","datePublished":"2025-07-11T14:26:11+00:00","dateModified":"2025-07-23T17:47:22+00:00","description":"Content marketing eficient \u0219i branding creativ pentru afaceri \u00een cre\u0219tere. Planuri clare, con\u021binut de calitate, rezultate m\u0103surabile.","breadcrumb":{"@id":"https:\/\/qmarketing.ro\/ro\/digital-marketing\/content-marketing-branding\/#breadcrumb"},"inLanguage":"ro-RO","potentialAction":[{"@type":"ReadAction","target":["https:\/\/qmarketing.ro\/ro\/digital-marketing\/content-marketing-branding\/"]}]},{"@type":"ImageObject","inLanguage":"ro-RO","@id":"https:\/\/qmarketing.ro\/ro\/digital-marketing\/content-marketing-branding\/#primaryimage","url":"https:\/\/qmarketing.ro\/wp-content\/uploads\/2025\/06\/PPC-Ads.png","contentUrl":"https:\/\/qmarketing.ro\/wp-content\/uploads\/2025\/06\/PPC-Ads.png"},{"@type":"BreadcrumbList","@id":"https:\/\/qmarketing.ro\/ro\/digital-marketing\/content-marketing-branding\/#breadcrumb","itemListElement":[{"@type":"ListItem","position":1,"name":"Home","item":"https:\/\/qmarketing.ro\/ro\/"},{"@type":"ListItem","position":2,"name":"Digital Marketing","item":"https:\/\/qmarketing.ro\/ro\/digital-marketing\/"},{"@type":"ListItem","position":3,"name":"Content marketing &amp; branding"}]},{"@type":"WebSite","@id":"https:\/\/qmarketing.ro\/#website","url":"https:\/\/qmarketing.ro\/","name":"Quantum Marketing Lab","description":"Expert Digital Marketing Services Tailored for Success","publisher":{"@id":"https:\/\/qmarketing.ro\/#organization"},"potentialAction":[{"@type":"SearchAction","target":{"@type":"EntryPoint","urlTemplate":"https:\/\/qmarketing.ro\/?s={search_term_string}"},"query-input":{"@type":"PropertyValueSpecification","valueRequired":true,"valueName":"search_term_string"}}],"inLanguage":"ro-RO"},{"@type":"Organization","@id":"https:\/\/qmarketing.ro\/#organization","name":"Quantum Marketing Lab","url":"https:\/\/qmarketing.ro\/","logo":{"@type":"ImageObject","inLanguage":"ro-RO","@id":"https:\/\/qmarketing.ro\/#\/schema\/logo\/image\/","url":"https:\/\/qmarketing.ro\/wp-content\/uploads\/2025\/07\/logo-quantum.webp","contentUrl":"https:\/\/qmarketing.ro\/wp-content\/uploads\/2025\/07\/logo-quantum.webp","width":1000,"height":1000,"caption":"Quantum Marketing Lab"},"image":{"@id":"https:\/\/qmarketing.ro\/#\/schema\/logo\/image\/"},"sameAs":["https:\/\/facebook.com\/Qmarketing.ro","https:\/\/instagram.com\/Qmarketing.ro"]}]}},"_links":{"self":[{"href":"https:\/\/qmarketing.ro\/ro\/wp-json\/wp\/v2\/pages\/929","targetHints":{"allow":["GET"]}}],"collection":[{"href":"https:\/\/qmarketing.ro\/ro\/wp-json\/wp\/v2\/pages"}],"about":[{"href":"https:\/\/qmarketing.ro\/ro\/wp-json\/wp\/v2\/types\/page"}],"author":[{"embeddable":true,"href":"https:\/\/qmarketing.ro\/ro\/wp-json\/wp\/v2\/users\/1"}],"replies":[{"embeddable":true,"href":"https:\/\/qmarketing.ro\/ro\/wp-json\/wp\/v2\/comments?post=929"}],"version-history":[{"count":2,"href":"https:\/\/qmarketing.ro\/ro\/wp-json\/wp\/v2\/pages\/929\/revisions"}],"predecessor-version":[{"id":1039,"href":"https:\/\/qmarketing.ro\/ro\/wp-json\/wp\/v2\/pages\/929\/revisions\/1039"}],"up":[{"embeddable":true,"href":"https:\/\/qmarketing.ro\/ro\/wp-json\/wp\/v2\/pages\/959"}],"wp:attachment":[{"href":"https:\/\/qmarketing.ro\/ro\/wp-json\/wp\/v2\/media?parent=929"}],"curies":[{"name":"wp","href":"https:\/\/api.w.org\/{rel}","templated":true}]}}