{"id":931,"date":"2025-07-11T14:26:32","date_gmt":"2025-07-11T14:26:32","guid":{"rendered":"https:\/\/qmarketing.ro\/analiza-si-optimizare\/"},"modified":"2025-07-23T17:32:35","modified_gmt":"2025-07-23T17:32:35","slug":"audit-analiza-si-optimizare","status":"publish","type":"page","link":"https:\/\/qmarketing.ro\/ro\/digital-marketing\/audit-analiza-si-optimizare\/","title":{"rendered":"Analiz\u0103 \u0219i optimizare"},"content":{"rendered":"\t\t<div data-elementor-type=\"wp-page\" data-elementor-id=\"931\" class=\"elementor elementor-931 elementor-403\" data-elementor-post-type=\"page\">\n\t\t\t\t<div class=\"elementor-element elementor-element-76672a2e e-flex e-con-boxed e-con e-parent\" data-id=\"76672a2e\" data-element_type=\"container\">\n\t\t\t\t\t<div class=\"e-con-inner\">\n\t\t<div class=\"elementor-element elementor-element-2907b76 e-con-full e-flex e-con e-child\" data-id=\"2907b76\" data-element_type=\"container\">\n\t\t\t\t<div class=\"elementor-element elementor-element-4b8fac6e elementor-widget elementor-widget-heading\" data-id=\"4b8fac6e\" data-element_type=\"widget\" data-widget_type=\"heading.default\">\n\t\t\t\t<div class=\"elementor-widget-container\">\n\t\t\t\t\t<h2 class=\"elementor-heading-title elementor-size-default\">Analiz\u0103 \u0219i optimizare<\/h2>\t\t\t\t<\/div>\n\t\t\t\t<\/div>\n\t\t\t\t<div class=\"elementor-element elementor-element-7ee686a4 elementor-widget elementor-widget-text-editor\" data-id=\"7ee686a4\" data-element_type=\"widget\" data-widget_type=\"text-editor.default\">\n\t\t\t\t<div class=\"elementor-widget-container\">\n\t\t\t\t\t\t\t\t\t<p><span style=\"font-weight: 400;\">Ce nu se m\u0103soar\u0103, nu se poate \u00eembun\u0103t\u0103\u021bi. Set\u0103m corect toate instrumentele de tracking \u0219i transform\u0103m datele \u00een insighturi clare, care te ajut\u0103 s\u0103 iei decizii rapide \u0219i corecte.<\/span><\/p>\t\t\t\t\t\t\t\t<\/div>\n\t\t\t\t<\/div>\n\t\t\t\t<div class=\"elementor-element elementor-element-36bf745c elementor-mobile-align-left elementor-icon-list--layout-traditional elementor-list-item-link-full_width elementor-widget elementor-widget-icon-list\" data-id=\"36bf745c\" data-element_type=\"widget\" data-widget_type=\"icon-list.default\">\n\t\t\t\t<div class=\"elementor-widget-container\">\n\t\t\t\t\t\t\t<ul class=\"elementor-icon-list-items\">\n\t\t\t\t\t\t\t<li class=\"elementor-icon-list-item\">\n\t\t\t\t\t\t\t\t\t\t\t<span class=\"elementor-icon-list-icon\">\n\t\t\t\t\t\t\t<svg aria-hidden=\"true\" class=\"e-font-icon-svg e-fas-check\" viewBox=\"0 0 512 512\" xmlns=\"http:\/\/www.w3.org\/2000\/svg\"><path d=\"M173.898 439.404l-166.4-166.4c-9.997-9.997-9.997-26.206 0-36.204l36.203-36.204c9.997-9.998 26.207-9.998 36.204 0L192 312.69 432.095 72.596c9.997-9.997 26.207-9.997 36.204 0l36.203 36.204c9.997 9.997 9.997 26.206 0 36.204l-294.4 294.401c-9.998 9.997-26.207 9.997-36.204-.001z\"><\/path><\/svg>\t\t\t\t\t\t<\/span>\n\t\t\t\t\t\t\t\t\t\t<span class=\"elementor-icon-list-text\">Configurare complet\u0103: Google Analytics 4, Tag Manager, Pixel<\/span>\n\t\t\t\t\t\t\t\t\t<\/li>\n\t\t\t\t\t\t\t\t<li class=\"elementor-icon-list-item\">\n\t\t\t\t\t\t\t\t\t\t\t<span class=\"elementor-icon-list-icon\">\n\t\t\t\t\t\t\t<svg aria-hidden=\"true\" class=\"e-font-icon-svg e-fas-check\" viewBox=\"0 0 512 512\" xmlns=\"http:\/\/www.w3.org\/2000\/svg\"><path d=\"M173.898 439.404l-166.4-166.4c-9.997-9.997-9.997-26.206 0-36.204l36.203-36.204c9.997-9.998 26.207-9.998 36.204 0L192 312.69 432.095 72.596c9.997-9.997 26.207-9.997 36.204 0l36.203 36.204c9.997 9.997 9.997 26.206 0 36.204l-294.4 294.401c-9.998 9.997-26.207 9.997-36.204-.001z\"><\/path><\/svg>\t\t\t\t\t\t<\/span>\n\t\t\t\t\t\t\t\t\t\t<span class=\"elementor-icon-list-text\">Creare dashboard-uri personalizate (Looker Studio)<\/span>\n\t\t\t\t\t\t\t\t\t<\/li>\n\t\t\t\t\t\t\t\t<li class=\"elementor-icon-list-item\">\n\t\t\t\t\t\t\t\t\t\t\t<span class=\"elementor-icon-list-icon\">\n\t\t\t\t\t\t\t<svg aria-hidden=\"true\" class=\"e-font-icon-svg e-fas-check\" viewBox=\"0 0 512 512\" xmlns=\"http:\/\/www.w3.org\/2000\/svg\"><path d=\"M173.898 439.404l-166.4-166.4c-9.997-9.997-9.997-26.206 0-36.204l36.203-36.204c9.997-9.998 26.207-9.998 36.204 0L192 312.69 432.095 72.596c9.997-9.997 26.207-9.997 36.204 0l36.203 36.204c9.997 9.997 9.997 26.206 0 36.204l-294.4 294.401c-9.998 9.997-26.207 9.997-36.204-.001z\"><\/path><\/svg>\t\t\t\t\t\t<\/span>\n\t\t\t\t\t\t\t\t\t\t<span class=\"elementor-icon-list-text\">A\/B testing pentru pagini \u0219i reclame<\/span>\n\t\t\t\t\t\t\t\t\t<\/li>\n\t\t\t\t\t\t\t\t<li class=\"elementor-icon-list-item\">\n\t\t\t\t\t\t\t\t\t\t\t<span class=\"elementor-icon-list-icon\">\n\t\t\t\t\t\t\t<svg aria-hidden=\"true\" class=\"e-font-icon-svg e-fas-check\" viewBox=\"0 0 512 512\" xmlns=\"http:\/\/www.w3.org\/2000\/svg\"><path d=\"M173.898 439.404l-166.4-166.4c-9.997-9.997-9.997-26.206 0-36.204l36.203-36.204c9.997-9.998 26.207-9.998 36.204 0L192 312.69 432.095 72.596c9.997-9.997 26.207-9.997 36.204 0l36.203 36.204c9.997 9.997 9.997 26.206 0 36.204l-294.4 294.401c-9.998 9.997-26.207 9.997-36.204-.001z\"><\/path><\/svg>\t\t\t\t\t\t<\/span>\n\t\t\t\t\t\t\t\t\t\t<span class=\"elementor-icon-list-text\">Analiz\u0103 de funnel + recomand\u0103ri de optimizare<\/span>\n\t\t\t\t\t\t\t\t\t<\/li>\n\t\t\t\t\t\t<\/ul>\n\t\t\t\t\t\t<\/div>\n\t\t\t\t<\/div>\n\t\t\t\t<\/div>\n\t\t<div class=\"elementor-element elementor-element-58646970 e-con-full e-flex e-con e-child\" data-id=\"58646970\" data-element_type=\"container\" data-settings=\"{&quot;background_background&quot;:&quot;classic&quot;}\">\n\t\t\t\t<div class=\"elementor-element elementor-element-40bb18d2 elementor-widget elementor-widget-image\" data-id=\"40bb18d2\" data-element_type=\"widget\" data-widget_type=\"image.default\">\n\t\t\t\t<div class=\"elementor-widget-container\">\n\t\t\t\t\t\t\t\t\t\t\t\t\t\t\t<img fetchpriority=\"high\" decoding=\"async\" width=\"497\" height=\"426\" src=\"https:\/\/qmarketing.ro\/wp-content\/uploads\/2025\/06\/Technology.png\" class=\"attachment-large size-large wp-image-886\" alt=\"data-driven marketing strategies\" srcset=\"https:\/\/qmarketing.ro\/wp-content\/uploads\/2025\/06\/Technology.png 497w, https:\/\/qmarketing.ro\/wp-content\/uploads\/2025\/06\/Technology-300x257.png 300w\" sizes=\"(max-width: 497px) 100vw, 497px\" \/>\t\t\t\t\t\t\t\t\t\t\t\t\t\t\t<\/div>\n\t\t\t\t<\/div>\n\t\t\t\t<\/div>\n\t\t\t\t\t<\/div>\n\t\t\t\t<\/div>\n\t\t<div class=\"elementor-element elementor-element-7fc91b90 e-flex e-con-boxed e-con e-parent\" data-id=\"7fc91b90\" data-element_type=\"container\">\n\t\t\t\t\t<div class=\"e-con-inner\">\n\t\t\t\t<div class=\"elementor-element elementor-element-2c35ae05 elementor-icon-list--layout-traditional elementor-list-item-link-full_width elementor-widget elementor-widget-icon-list\" data-id=\"2c35ae05\" data-element_type=\"widget\" data-widget_type=\"icon-list.default\">\n\t\t\t\t<div class=\"elementor-widget-container\">\n\t\t\t\t\t\t\t<ul class=\"elementor-icon-list-items\">\n\t\t\t\t\t\t\t<li class=\"elementor-icon-list-item\">\n\t\t\t\t\t\t\t\t\t\t\t<span class=\"elementor-icon-list-icon\">\n\t\t\t\t\t\t\t<svg aria-hidden=\"true\" class=\"e-font-icon-svg e-fas-circle\" viewBox=\"0 0 512 512\" xmlns=\"http:\/\/www.w3.org\/2000\/svg\"><path d=\"M256 8C119 8 8 119 8 256s111 248 248 248 248-111 248-248S393 8 256 8z\"><\/path><\/svg>\t\t\t\t\t\t<\/span>\n\t\t\t\t\t\t\t\t\t\t<span class=\"elementor-icon-list-text\">Beneficii<\/span>\n\t\t\t\t\t\t\t\t\t<\/li>\n\t\t\t\t\t\t<\/ul>\n\t\t\t\t\t\t<\/div>\n\t\t\t\t<\/div>\n\t\t\t\t<div class=\"elementor-element elementor-element-714ce427 elementor-widget__width-initial elementor-widget elementor-widget-heading\" data-id=\"714ce427\" data-element_type=\"widget\" data-widget_type=\"heading.default\">\n\t\t\t\t<div class=\"elementor-widget-container\">\n\t\t\t\t\t<h2 class=\"elementor-heading-title elementor-size-default\">Rezultate reale, nu doar impresii<\/h2>\t\t\t\t<\/div>\n\t\t\t\t<\/div>\n\t\t<div class=\"elementor-element elementor-element-aee7526 e-con-full e-flex e-con e-child\" data-id=\"aee7526\" data-element_type=\"container\">\n\t\t<div class=\"elementor-element elementor-element-2c4b7f8a e-con-full e-flex e-con e-child\" data-id=\"2c4b7f8a\" data-element_type=\"container\" data-settings=\"{&quot;background_background&quot;:&quot;classic&quot;}\">\n\t\t\t\t<div class=\"elementor-element elementor-element-1e5bf361 elementor-widget elementor-widget-heading\" data-id=\"1e5bf361\" data-element_type=\"widget\" data-widget_type=\"heading.default\">\n\t\t\t\t<div class=\"elementor-widget-container\">\n\t\t\t\t\t<h2 class=\"elementor-heading-title elementor-size-default\">Decizii bazate pe date, nu pe presupuneri<\/h2>\t\t\t\t<\/div>\n\t\t\t\t<\/div>\n\t\t\t\t<div class=\"elementor-element elementor-element-4c697174 elementor-widget elementor-widget-text-editor\" data-id=\"4c697174\" data-element_type=\"widget\" data-widget_type=\"text-editor.default\">\n\t\t\t\t<div class=\"elementor-widget-container\">\n\t\t\t\t\t\t\t\t\t<p><span style=\"font-weight: 400;\">Ne baz\u0103m pe cifre reale, nu pe intui\u021bie. Fiecare decizie este informat\u0103 \u0219i orientat\u0103 spre performan\u021b\u0103.<\/span><\/p>\t\t\t\t\t\t\t\t<\/div>\n\t\t\t\t<\/div>\n\t\t\t\t<\/div>\n\t\t<div class=\"elementor-element elementor-element-24231f65 e-con-full e-flex e-con e-child\" data-id=\"24231f65\" data-element_type=\"container\" data-settings=\"{&quot;background_background&quot;:&quot;classic&quot;}\">\n\t\t\t\t<div class=\"elementor-element elementor-element-3f0e3938 elementor-widget elementor-widget-heading\" data-id=\"3f0e3938\" data-element_type=\"widget\" data-widget_type=\"heading.default\">\n\t\t\t\t<div class=\"elementor-widget-container\">\n\t\t\t\t\t<h2 class=\"elementor-heading-title elementor-size-default\">Vizibilitate complet\u0103 asupra performan\u021bei<\/h2>\t\t\t\t<\/div>\n\t\t\t\t<\/div>\n\t\t\t\t<div class=\"elementor-element elementor-element-2996588c elementor-widget elementor-widget-text-editor\" data-id=\"2996588c\" data-element_type=\"widget\" data-widget_type=\"text-editor.default\">\n\t\t\t\t<div class=\"elementor-widget-container\">\n\t\t\t\t\t\t\t\t\t<p><span style=\"font-weight: 400;\">Vezi clar ce func\u021bioneaz\u0103 \u0219i ce nu. Ai transparen\u021b\u0103 total\u0103 \u00een ceea ce prive\u0219te progresul \u0219i rezultatele.<\/span><\/p>\t\t\t\t\t\t\t\t<\/div>\n\t\t\t\t<\/div>\n\t\t\t\t<\/div>\n\t\t<div class=\"elementor-element elementor-element-24d07cb0 e-con-full e-flex e-con e-child\" data-id=\"24d07cb0\" data-element_type=\"container\" data-settings=\"{&quot;background_background&quot;:&quot;classic&quot;}\">\n\t\t\t\t<div class=\"elementor-element elementor-element-77fb4ddb elementor-widget elementor-widget-heading\" data-id=\"77fb4ddb\" data-element_type=\"widget\" data-widget_type=\"heading.default\">\n\t\t\t\t<div class=\"elementor-widget-container\">\n\t\t\t\t\t<h2 class=\"elementor-heading-title elementor-size-default\">Rapoarte simple, clare \u0219i ac\u021bionabile<\/h2>\t\t\t\t<\/div>\n\t\t\t\t<\/div>\n\t\t\t\t<div class=\"elementor-element elementor-element-77ede186 elementor-widget elementor-widget-text-editor\" data-id=\"77ede186\" data-element_type=\"widget\" data-widget_type=\"text-editor.default\">\n\t\t\t\t<div class=\"elementor-widget-container\">\n\t\t\t\t\t\t\t\t\t<p><span style=\"font-weight: 400;\">F\u0103r\u0103 dashboard-uri greoaie sau rapoarte inutile. Prime\u0219ti doar informa\u021biile esen\u021biale, \u00eentr-un format u\u0219or de \u00een\u021beles \u0219i folosit.<\/span><\/p>\t\t\t\t\t\t\t\t<\/div>\n\t\t\t\t<\/div>\n\t\t\t\t<\/div>\n\t\t\t\t<\/div>\n\t\t\t\t\t<\/div>\n\t\t\t\t<\/div>\n\t\t<div class=\"elementor-element elementor-element-35238fc9 e-flex e-con-boxed e-con e-parent\" data-id=\"35238fc9\" data-element_type=\"container\">\n\t\t\t\t\t<div class=\"e-con-inner\">\n\t\t<div class=\"elementor-element elementor-element-2cfe500f e-con-full e-flex e-con e-child\" data-id=\"2cfe500f\" data-element_type=\"container\" data-settings=\"{&quot;background_background&quot;:&quot;classic&quot;}\">\n\t\t\t\t<div class=\"elementor-element elementor-element-6b796bbe elementor-widget__width-initial elementor-widget elementor-widget-heading\" data-id=\"6b796bbe\" data-element_type=\"widget\" data-widget_type=\"heading.default\">\n\t\t\t\t<div class=\"elementor-widget-container\">\n\t\t\t\t\t<h2 class=\"elementor-heading-title elementor-size-default\">Hai s\u0103 punem datele tale la treab\u0103.<\/h2>\t\t\t\t<\/div>\n\t\t\t\t<\/div>\n\t\t\t\t<div class=\"elementor-element elementor-element-17d32aa2 elementor-widget__width-initial elementor-widget-mobile__width-inherit elementor-widget elementor-widget-text-editor\" data-id=\"17d32aa2\" data-element_type=\"widget\" data-widget_type=\"text-editor.default\">\n\t\t\t\t<div class=\"elementor-widget-container\">\n\t\t\t\t\t\t\t\t\t<p><span style=\"font-weight: 400;\">Transform\u0103m insighturile \u00een ac\u021biuni clare, strategii eficiente \u0219i decizii care duc la cre\u0219tere real\u0103.<\/span><\/p>\t\t\t\t\t\t\t\t<\/div>\n\t\t\t\t<\/div>\n\t\t\t\t<div class=\"elementor-element elementor-element-366f81f2 elementor-align-center elementor-widget elementor-widget-button\" data-id=\"366f81f2\" data-element_type=\"widget\" data-widget_type=\"button.default\">\n\t\t\t\t<div class=\"elementor-widget-container\">\n\t\t\t\t\t\t\t\t\t<div class=\"elementor-button-wrapper\">\n\t\t\t\t\t<a class=\"elementor-button elementor-button-link elementor-size-sm\" href=\"https:\/\/qmarketing.ro\/ro\/#contact\">\n\t\t\t\t\t\t<span class=\"elementor-button-content-wrapper\">\n\t\t\t\t\t\t\t\t\t<span class=\"elementor-button-text\">Contacteaz\u0103-ne<\/span>\n\t\t\t\t\t<\/span>\n\t\t\t\t\t<\/a>\n\t\t\t\t<\/div>\n\t\t\t\t\t\t\t\t<\/div>\n\t\t\t\t<\/div>\n\t\t\t\t<\/div>\n\t\t\t\t\t<\/div>\n\t\t\t\t<\/div>\n\t\t\t\t<\/div>\n\t\t","protected":false},"excerpt":{"rendered":"<p>Ce nu se m\u0103soar\u0103, nu se poate \u00eembun\u0103t\u0103\u021bi. Set\u0103m corect toate instrumentele de tracking \u0219i transform\u0103m datele \u00een insighturi clare, care te ajut\u0103 s\u0103 iei decizii rapide \u0219i corecte. Configurare complet\u0103: Google Analytics 4, Tag Manager, Pixel Creare dashboard-uri personalizate (Looker Studio) A\/B testing pentru pagini \u0219i reclame Analiz\u0103 de funnel + recomand\u0103ri de optimizare [&hellip;]<\/p>\n","protected":false},"author":1,"featured_media":0,"parent":959,"menu_order":0,"comment_status":"closed","ping_status":"closed","template":"","meta":{"footnotes":""},"class_list":["post-931","page","type-page","status-publish","hentry"],"yoast_head":"<!-- This site is optimized with the Yoast SEO plugin v25.5 - https:\/\/yoast.com\/wordpress\/plugins\/seo\/ -->\n<title>Audit, Analiz\u0103 \u0219i Optimizare Campanii Digitale<\/title>\n<meta name=\"description\" content=\"Audit complet, analiz\u0103 detaliat\u0103 \u0219i optimizare continu\u0103 pentru campaniile \u0219i prezen\u021ba ta online. Maximizeaz\u0103 rezultatele digitale.\" \/>\n<meta name=\"robots\" content=\"index, follow, max-snippet:-1, max-image-preview:large, max-video-preview:-1\" \/>\n<link rel=\"canonical\" href=\"https:\/\/qmarketing.ro\/ro\/digital-marketing\/audit-analiza-si-optimizare\/\" \/>\n<meta property=\"og:locale\" content=\"ro_RO\" \/>\n<meta property=\"og:type\" content=\"article\" \/>\n<meta property=\"og:title\" content=\"Audit, Analiz\u0103 \u0219i Optimizare Campanii Digitale\" \/>\n<meta property=\"og:description\" content=\"Audit complet, analiz\u0103 detaliat\u0103 \u0219i optimizare continu\u0103 pentru campaniile \u0219i prezen\u021ba ta online. Maximizeaz\u0103 rezultatele digitale.\" \/>\n<meta property=\"og:url\" content=\"https:\/\/qmarketing.ro\/ro\/digital-marketing\/audit-analiza-si-optimizare\/\" \/>\n<meta property=\"og:site_name\" content=\"Quantum Marketing Lab\" \/>\n<meta property=\"article:publisher\" content=\"https:\/\/facebook.com\/Qmarketing.ro\" \/>\n<meta property=\"article:modified_time\" content=\"2025-07-23T17:32:35+00:00\" \/>\n<meta property=\"og:image\" content=\"https:\/\/qmarketing.ro\/wp-content\/uploads\/2025\/06\/Technology.png\" \/>\n<meta name=\"twitter:card\" content=\"summary_large_image\" \/>\n<meta name=\"twitter:label1\" content=\"Timp estimat pentru citire\" \/>\n\t<meta name=\"twitter:data1\" content=\"1 minut\" \/>\n<script type=\"application\/ld+json\" class=\"yoast-schema-graph\">{\"@context\":\"https:\/\/schema.org\",\"@graph\":[{\"@type\":\"WebPage\",\"@id\":\"https:\/\/qmarketing.ro\/ro\/digital-marketing\/audit-analiza-si-optimizare\/\",\"url\":\"https:\/\/qmarketing.ro\/ro\/digital-marketing\/audit-analiza-si-optimizare\/\",\"name\":\"Audit, Analiz\u0103 \u0219i Optimizare Campanii Digitale\",\"isPartOf\":{\"@id\":\"https:\/\/qmarketing.ro\/#website\"},\"primaryImageOfPage\":{\"@id\":\"https:\/\/qmarketing.ro\/ro\/digital-marketing\/audit-analiza-si-optimizare\/#primaryimage\"},\"image\":{\"@id\":\"https:\/\/qmarketing.ro\/ro\/digital-marketing\/audit-analiza-si-optimizare\/#primaryimage\"},\"thumbnailUrl\":\"https:\/\/qmarketing.ro\/wp-content\/uploads\/2025\/06\/Technology.png\",\"datePublished\":\"2025-07-11T14:26:32+00:00\",\"dateModified\":\"2025-07-23T17:32:35+00:00\",\"description\":\"Audit complet, analiz\u0103 detaliat\u0103 \u0219i optimizare continu\u0103 pentru campaniile \u0219i prezen\u021ba ta online. Maximizeaz\u0103 rezultatele digitale.\",\"breadcrumb\":{\"@id\":\"https:\/\/qmarketing.ro\/ro\/digital-marketing\/audit-analiza-si-optimizare\/#breadcrumb\"},\"inLanguage\":\"ro-RO\",\"potentialAction\":[{\"@type\":\"ReadAction\",\"target\":[\"https:\/\/qmarketing.ro\/ro\/digital-marketing\/audit-analiza-si-optimizare\/\"]}]},{\"@type\":\"ImageObject\",\"inLanguage\":\"ro-RO\",\"@id\":\"https:\/\/qmarketing.ro\/ro\/digital-marketing\/audit-analiza-si-optimizare\/#primaryimage\",\"url\":\"https:\/\/qmarketing.ro\/wp-content\/uploads\/2025\/06\/Technology.png\",\"contentUrl\":\"https:\/\/qmarketing.ro\/wp-content\/uploads\/2025\/06\/Technology.png\"},{\"@type\":\"BreadcrumbList\",\"@id\":\"https:\/\/qmarketing.ro\/ro\/digital-marketing\/audit-analiza-si-optimizare\/#breadcrumb\",\"itemListElement\":[{\"@type\":\"ListItem\",\"position\":1,\"name\":\"Home\",\"item\":\"https:\/\/qmarketing.ro\/ro\/\"},{\"@type\":\"ListItem\",\"position\":2,\"name\":\"Digital Marketing\",\"item\":\"https:\/\/qmarketing.ro\/ro\/digital-marketing\/\"},{\"@type\":\"ListItem\",\"position\":3,\"name\":\"Analiz\u0103 \u0219i optimizare\"}]},{\"@type\":\"WebSite\",\"@id\":\"https:\/\/qmarketing.ro\/#website\",\"url\":\"https:\/\/qmarketing.ro\/\",\"name\":\"Quantum Marketing Lab\",\"description\":\"Expert Digital Marketing Services Tailored for Success\",\"publisher\":{\"@id\":\"https:\/\/qmarketing.ro\/#organization\"},\"potentialAction\":[{\"@type\":\"SearchAction\",\"target\":{\"@type\":\"EntryPoint\",\"urlTemplate\":\"https:\/\/qmarketing.ro\/?s={search_term_string}\"},\"query-input\":{\"@type\":\"PropertyValueSpecification\",\"valueRequired\":true,\"valueName\":\"search_term_string\"}}],\"inLanguage\":\"ro-RO\"},{\"@type\":\"Organization\",\"@id\":\"https:\/\/qmarketing.ro\/#organization\",\"name\":\"Quantum Marketing Lab\",\"url\":\"https:\/\/qmarketing.ro\/\",\"logo\":{\"@type\":\"ImageObject\",\"inLanguage\":\"ro-RO\",\"@id\":\"https:\/\/qmarketing.ro\/#\/schema\/logo\/image\/\",\"url\":\"https:\/\/qmarketing.ro\/wp-content\/uploads\/2025\/07\/logo-quantum.webp\",\"contentUrl\":\"https:\/\/qmarketing.ro\/wp-content\/uploads\/2025\/07\/logo-quantum.webp\",\"width\":1000,\"height\":1000,\"caption\":\"Quantum Marketing Lab\"},\"image\":{\"@id\":\"https:\/\/qmarketing.ro\/#\/schema\/logo\/image\/\"},\"sameAs\":[\"https:\/\/facebook.com\/Qmarketing.ro\",\"https:\/\/instagram.com\/Qmarketing.ro\"]}]}<\/script>\n<!-- \/ Yoast SEO plugin. -->","yoast_head_json":{"title":"Audit, Analiz\u0103 \u0219i Optimizare Campanii Digitale","description":"Audit complet, analiz\u0103 detaliat\u0103 \u0219i optimizare continu\u0103 pentru campaniile \u0219i prezen\u021ba ta online. Maximizeaz\u0103 rezultatele digitale.","robots":{"index":"index","follow":"follow","max-snippet":"max-snippet:-1","max-image-preview":"max-image-preview:large","max-video-preview":"max-video-preview:-1"},"canonical":"https:\/\/qmarketing.ro\/ro\/digital-marketing\/audit-analiza-si-optimizare\/","og_locale":"ro_RO","og_type":"article","og_title":"Audit, Analiz\u0103 \u0219i Optimizare Campanii Digitale","og_description":"Audit complet, analiz\u0103 detaliat\u0103 \u0219i optimizare continu\u0103 pentru campaniile \u0219i prezen\u021ba ta online. Maximizeaz\u0103 rezultatele digitale.","og_url":"https:\/\/qmarketing.ro\/ro\/digital-marketing\/audit-analiza-si-optimizare\/","og_site_name":"Quantum Marketing Lab","article_publisher":"https:\/\/facebook.com\/Qmarketing.ro","article_modified_time":"2025-07-23T17:32:35+00:00","og_image":[{"url":"https:\/\/qmarketing.ro\/wp-content\/uploads\/2025\/06\/Technology.png","type":"","width":"","height":""}],"twitter_card":"summary_large_image","twitter_misc":{"Timp estimat pentru citire":"1 minut"},"schema":{"@context":"https:\/\/schema.org","@graph":[{"@type":"WebPage","@id":"https:\/\/qmarketing.ro\/ro\/digital-marketing\/audit-analiza-si-optimizare\/","url":"https:\/\/qmarketing.ro\/ro\/digital-marketing\/audit-analiza-si-optimizare\/","name":"Audit, Analiz\u0103 \u0219i Optimizare Campanii Digitale","isPartOf":{"@id":"https:\/\/qmarketing.ro\/#website"},"primaryImageOfPage":{"@id":"https:\/\/qmarketing.ro\/ro\/digital-marketing\/audit-analiza-si-optimizare\/#primaryimage"},"image":{"@id":"https:\/\/qmarketing.ro\/ro\/digital-marketing\/audit-analiza-si-optimizare\/#primaryimage"},"thumbnailUrl":"https:\/\/qmarketing.ro\/wp-content\/uploads\/2025\/06\/Technology.png","datePublished":"2025-07-11T14:26:32+00:00","dateModified":"2025-07-23T17:32:35+00:00","description":"Audit complet, analiz\u0103 detaliat\u0103 \u0219i optimizare continu\u0103 pentru campaniile \u0219i prezen\u021ba ta online. Maximizeaz\u0103 rezultatele digitale.","breadcrumb":{"@id":"https:\/\/qmarketing.ro\/ro\/digital-marketing\/audit-analiza-si-optimizare\/#breadcrumb"},"inLanguage":"ro-RO","potentialAction":[{"@type":"ReadAction","target":["https:\/\/qmarketing.ro\/ro\/digital-marketing\/audit-analiza-si-optimizare\/"]}]},{"@type":"ImageObject","inLanguage":"ro-RO","@id":"https:\/\/qmarketing.ro\/ro\/digital-marketing\/audit-analiza-si-optimizare\/#primaryimage","url":"https:\/\/qmarketing.ro\/wp-content\/uploads\/2025\/06\/Technology.png","contentUrl":"https:\/\/qmarketing.ro\/wp-content\/uploads\/2025\/06\/Technology.png"},{"@type":"BreadcrumbList","@id":"https:\/\/qmarketing.ro\/ro\/digital-marketing\/audit-analiza-si-optimizare\/#breadcrumb","itemListElement":[{"@type":"ListItem","position":1,"name":"Home","item":"https:\/\/qmarketing.ro\/ro\/"},{"@type":"ListItem","position":2,"name":"Digital Marketing","item":"https:\/\/qmarketing.ro\/ro\/digital-marketing\/"},{"@type":"ListItem","position":3,"name":"Analiz\u0103 \u0219i optimizare"}]},{"@type":"WebSite","@id":"https:\/\/qmarketing.ro\/#website","url":"https:\/\/qmarketing.ro\/","name":"Quantum Marketing Lab","description":"Expert Digital Marketing Services Tailored for Success","publisher":{"@id":"https:\/\/qmarketing.ro\/#organization"},"potentialAction":[{"@type":"SearchAction","target":{"@type":"EntryPoint","urlTemplate":"https:\/\/qmarketing.ro\/?s={search_term_string}"},"query-input":{"@type":"PropertyValueSpecification","valueRequired":true,"valueName":"search_term_string"}}],"inLanguage":"ro-RO"},{"@type":"Organization","@id":"https:\/\/qmarketing.ro\/#organization","name":"Quantum Marketing Lab","url":"https:\/\/qmarketing.ro\/","logo":{"@type":"ImageObject","inLanguage":"ro-RO","@id":"https:\/\/qmarketing.ro\/#\/schema\/logo\/image\/","url":"https:\/\/qmarketing.ro\/wp-content\/uploads\/2025\/07\/logo-quantum.webp","contentUrl":"https:\/\/qmarketing.ro\/wp-content\/uploads\/2025\/07\/logo-quantum.webp","width":1000,"height":1000,"caption":"Quantum Marketing Lab"},"image":{"@id":"https:\/\/qmarketing.ro\/#\/schema\/logo\/image\/"},"sameAs":["https:\/\/facebook.com\/Qmarketing.ro","https:\/\/instagram.com\/Qmarketing.ro"]}]}},"_links":{"self":[{"href":"https:\/\/qmarketing.ro\/ro\/wp-json\/wp\/v2\/pages\/931","targetHints":{"allow":["GET"]}}],"collection":[{"href":"https:\/\/qmarketing.ro\/ro\/wp-json\/wp\/v2\/pages"}],"about":[{"href":"https:\/\/qmarketing.ro\/ro\/wp-json\/wp\/v2\/types\/page"}],"author":[{"embeddable":true,"href":"https:\/\/qmarketing.ro\/ro\/wp-json\/wp\/v2\/users\/1"}],"replies":[{"embeddable":true,"href":"https:\/\/qmarketing.ro\/ro\/wp-json\/wp\/v2\/comments?post=931"}],"version-history":[{"count":2,"href":"https:\/\/qmarketing.ro\/ro\/wp-json\/wp\/v2\/pages\/931\/revisions"}],"predecessor-version":[{"id":1036,"href":"https:\/\/qmarketing.ro\/ro\/wp-json\/wp\/v2\/pages\/931\/revisions\/1036"}],"up":[{"embeddable":true,"href":"https:\/\/qmarketing.ro\/ro\/wp-json\/wp\/v2\/pages\/959"}],"wp:attachment":[{"href":"https:\/\/qmarketing.ro\/ro\/wp-json\/wp\/v2\/media?parent=931"}],"curies":[{"name":"wp","href":"https:\/\/api.w.org\/{rel}","templated":true}]}}