{"id":937,"date":"2025-07-11T14:33:58","date_gmt":"2025-07-11T14:33:58","guid":{"rendered":"https:\/\/qmarketing.ro\/optimizarea-afacerii-sisteme\/"},"modified":"2025-07-23T18:36:36","modified_gmt":"2025-07-23T18:36:36","slug":"optimizarea-afacerii-sisteme","status":"publish","type":"page","link":"https:\/\/qmarketing.ro\/ro\/digital-marketing\/optimizarea-afacerii-sisteme\/","title":{"rendered":"Optimizarea Afacerii &amp; Sisteme"},"content":{"rendered":"\t\t<div data-elementor-type=\"wp-page\" data-elementor-id=\"937\" class=\"elementor elementor-937 elementor-413\" data-elementor-post-type=\"page\">\n\t\t\t\t<div class=\"elementor-element elementor-element-14aaca6d e-flex e-con-boxed e-con e-parent\" data-id=\"14aaca6d\" data-element_type=\"container\">\n\t\t\t\t\t<div class=\"e-con-inner\">\n\t\t<div class=\"elementor-element elementor-element-6269b11c e-con-full e-flex e-con e-child\" data-id=\"6269b11c\" data-element_type=\"container\">\n\t\t\t\t<div class=\"elementor-element elementor-element-6c340c4d elementor-widget elementor-widget-heading\" data-id=\"6c340c4d\" data-element_type=\"widget\" data-widget_type=\"heading.default\">\n\t\t\t\t<div class=\"elementor-widget-container\">\n\t\t\t\t\t<h2 class=\"elementor-heading-title elementor-size-default\">Optimizarea Afacerii &amp; Sisteme<\/h2>\t\t\t\t<\/div>\n\t\t\t\t<\/div>\n\t\t\t\t<div class=\"elementor-element elementor-element-3fd1b52d elementor-widget elementor-widget-text-editor\" data-id=\"3fd1b52d\" data-element_type=\"widget\" data-widget_type=\"text-editor.default\">\n\t\t\t\t<div class=\"elementor-widget-container\">\n\t\t\t\t\t\t\t\t\t<p><strong data-start=\"148\" data-end=\"172\">Optimizarea afacerii<\/strong> nu se rezum\u0103 la marketing \u2013 este despre cum func\u021bioneaz\u0103 compania ta \u00een ansamblu. Ne ocup\u0103m de procese, echip\u0103, instrumente \u0219i structur\u0103, pentru a construi o afacere eficient\u0103, scalabil\u0103 \u0219i preg\u0103tit\u0103 pentru cre\u0219tere real\u0103.<\/p>\t\t\t\t\t\t\t\t<\/div>\n\t\t\t\t<\/div>\n\t\t\t\t<div class=\"elementor-element elementor-element-6c37ffe9 elementor-mobile-align-left elementor-icon-list--layout-traditional elementor-list-item-link-full_width elementor-widget elementor-widget-icon-list\" data-id=\"6c37ffe9\" data-element_type=\"widget\" data-widget_type=\"icon-list.default\">\n\t\t\t\t<div class=\"elementor-widget-container\">\n\t\t\t\t\t\t\t<ul class=\"elementor-icon-list-items\">\n\t\t\t\t\t\t\t<li class=\"elementor-icon-list-item\">\n\t\t\t\t\t\t\t\t\t\t\t<span class=\"elementor-icon-list-icon\">\n\t\t\t\t\t\t\t<svg aria-hidden=\"true\" class=\"e-font-icon-svg e-fas-check\" viewBox=\"0 0 512 512\" xmlns=\"http:\/\/www.w3.org\/2000\/svg\"><path d=\"M173.898 439.404l-166.4-166.4c-9.997-9.997-9.997-26.206 0-36.204l36.203-36.204c9.997-9.998 26.207-9.998 36.204 0L192 312.69 432.095 72.596c9.997-9.997 26.207-9.997 36.204 0l36.203 36.204c9.997 9.997 9.997 26.206 0 36.204l-294.4 294.401c-9.998 9.997-26.207 9.997-36.204-.001z\"><\/path><\/svg>\t\t\t\t\t\t<\/span>\n\t\t\t\t\t\t\t\t\t\t<span class=\"elementor-icon-list-text\">Audit opera\u021bional: unde pierzi timp, bani \u0219i resurse<\/span>\n\t\t\t\t\t\t\t\t\t<\/li>\n\t\t\t\t\t\t\t\t<li class=\"elementor-icon-list-item\">\n\t\t\t\t\t\t\t\t\t\t\t<span class=\"elementor-icon-list-icon\">\n\t\t\t\t\t\t\t<svg aria-hidden=\"true\" class=\"e-font-icon-svg e-fas-check\" viewBox=\"0 0 512 512\" xmlns=\"http:\/\/www.w3.org\/2000\/svg\"><path d=\"M173.898 439.404l-166.4-166.4c-9.997-9.997-9.997-26.206 0-36.204l36.203-36.204c9.997-9.998 26.207-9.998 36.204 0L192 312.69 432.095 72.596c9.997-9.997 26.207-9.997 36.204 0l36.203 36.204c9.997 9.997 9.997 26.206 0 36.204l-294.4 294.401c-9.998 9.997-26.207 9.997-36.204-.001z\"><\/path><\/svg>\t\t\t\t\t\t<\/span>\n\t\t\t\t\t\t\t\t\t\t<span class=\"elementor-icon-list-text\">Identificarea blocajelor \u0219i solu\u021bii personalizate<\/span>\n\t\t\t\t\t\t\t\t\t<\/li>\n\t\t\t\t\t\t\t\t<li class=\"elementor-icon-list-item\">\n\t\t\t\t\t\t\t\t\t\t\t<span class=\"elementor-icon-list-icon\">\n\t\t\t\t\t\t\t<svg aria-hidden=\"true\" class=\"e-font-icon-svg e-fas-check\" viewBox=\"0 0 512 512\" xmlns=\"http:\/\/www.w3.org\/2000\/svg\"><path d=\"M173.898 439.404l-166.4-166.4c-9.997-9.997-9.997-26.206 0-36.204l36.203-36.204c9.997-9.998 26.207-9.998 36.204 0L192 312.69 432.095 72.596c9.997-9.997 26.207-9.997 36.204 0l36.203 36.204c9.997 9.997 9.997 26.206 0 36.204l-294.4 294.401c-9.998 9.997-26.207 9.997-36.204-.001z\"><\/path><\/svg>\t\t\t\t\t\t<\/span>\n\t\t\t\t\t\t\t\t\t\t<span class=\"elementor-icon-list-text\">Automatiz\u0103ri (CRM, email, comenzi, raport\u0103ri)<\/span>\n\t\t\t\t\t\t\t\t\t<\/li>\n\t\t\t\t\t\t\t\t<li class=\"elementor-icon-list-item\">\n\t\t\t\t\t\t\t\t\t\t\t<span class=\"elementor-icon-list-icon\">\n\t\t\t\t\t\t\t<svg aria-hidden=\"true\" class=\"e-font-icon-svg e-fas-check\" viewBox=\"0 0 512 512\" xmlns=\"http:\/\/www.w3.org\/2000\/svg\"><path d=\"M173.898 439.404l-166.4-166.4c-9.997-9.997-9.997-26.206 0-36.204l36.203-36.204c9.997-9.998 26.207-9.998 36.204 0L192 312.69 432.095 72.596c9.997-9.997 26.207-9.997 36.204 0l36.203 36.204c9.997 9.997 9.997 26.206 0 36.204l-294.4 294.401c-9.998 9.997-26.207 9.997-36.204-.001z\"><\/path><\/svg>\t\t\t\t\t\t<\/span>\n\t\t\t\t\t\t\t\t\t\t<span class=\"elementor-icon-list-text\">Sisteme interne pentru managementul taskurilor \u0219i raportare<\/span>\n\t\t\t\t\t\t\t\t\t<\/li>\n\t\t\t\t\t\t\t\t<li class=\"elementor-icon-list-item\">\n\t\t\t\t\t\t\t\t\t\t\t<span class=\"elementor-icon-list-icon\">\n\t\t\t\t\t\t\t<svg aria-hidden=\"true\" class=\"e-font-icon-svg e-fas-check\" viewBox=\"0 0 512 512\" xmlns=\"http:\/\/www.w3.org\/2000\/svg\"><path d=\"M173.898 439.404l-166.4-166.4c-9.997-9.997-9.997-26.206 0-36.204l36.203-36.204c9.997-9.998 26.207-9.998 36.204 0L192 312.69 432.095 72.596c9.997-9.997 26.207-9.997 36.204 0l36.203 36.204c9.997 9.997 9.997 26.206 0 36.204l-294.4 294.401c-9.998 9.997-26.207 9.997-36.204-.001z\"><\/path><\/svg>\t\t\t\t\t\t<\/span>\n\t\t\t\t\t\t\t\t\t\t<span class=\"elementor-icon-list-text\">Procese standardizate pentru onboarding, v\u00e2nz\u0103ri \u0219i livrare<\/span>\n\t\t\t\t\t\t\t\t\t<\/li>\n\t\t\t\t\t\t<\/ul>\n\t\t\t\t\t\t<\/div>\n\t\t\t\t<\/div>\n\t\t\t\t<\/div>\n\t\t<div class=\"elementor-element elementor-element-c27af2 e-con-full e-flex e-con e-child\" data-id=\"c27af2\" data-element_type=\"container\" data-settings=\"{&quot;background_background&quot;:&quot;classic&quot;}\">\n\t\t\t\t<div class=\"elementor-element elementor-element-10d843ab elementor-widget elementor-widget-image\" data-id=\"10d843ab\" data-element_type=\"widget\" data-widget_type=\"image.default\">\n\t\t\t\t<div class=\"elementor-widget-container\">\n\t\t\t\t\t\t\t\t\t\t\t\t<figure class=\"wp-caption\">\n\t\t\t\t\t\t\t\t\t\t<img fetchpriority=\"high\" decoding=\"async\" width=\"535\" height=\"426\" src=\"https:\/\/qmarketing.ro\/wp-content\/uploads\/2025\/06\/PPC-Ads.png\" class=\"attachment-large size-large wp-image-879\" alt=\"Optimizarea afacerii si sisteme\" srcset=\"https:\/\/qmarketing.ro\/wp-content\/uploads\/2025\/06\/PPC-Ads.png 535w, https:\/\/qmarketing.ro\/wp-content\/uploads\/2025\/06\/PPC-Ads-300x239.png 300w\" sizes=\"(max-width: 535px) 100vw, 535px\" \/>\t\t\t\t\t\t\t\t\t\t\t<figcaption class=\"widget-image-caption wp-caption-text\">Optimizarea Afacerii<\/figcaption>\n\t\t\t\t\t\t\t\t\t\t<\/figure>\n\t\t\t\t\t\t\t\t\t<\/div>\n\t\t\t\t<\/div>\n\t\t\t\t<\/div>\n\t\t\t\t\t<\/div>\n\t\t\t\t<\/div>\n\t\t<div class=\"elementor-element elementor-element-3621d23b e-flex e-con-boxed e-con e-parent\" data-id=\"3621d23b\" data-element_type=\"container\">\n\t\t\t\t\t<div class=\"e-con-inner\">\n\t\t\t\t<div class=\"elementor-element elementor-element-2fe1f573 elementor-icon-list--layout-traditional elementor-list-item-link-full_width elementor-widget elementor-widget-icon-list\" data-id=\"2fe1f573\" data-element_type=\"widget\" data-widget_type=\"icon-list.default\">\n\t\t\t\t<div class=\"elementor-widget-container\">\n\t\t\t\t\t\t\t<ul class=\"elementor-icon-list-items\">\n\t\t\t\t\t\t\t<li class=\"elementor-icon-list-item\">\n\t\t\t\t\t\t\t\t\t\t\t<span class=\"elementor-icon-list-icon\">\n\t\t\t\t\t\t\t<svg aria-hidden=\"true\" class=\"e-font-icon-svg e-fas-circle\" viewBox=\"0 0 512 512\" xmlns=\"http:\/\/www.w3.org\/2000\/svg\"><path d=\"M256 8C119 8 8 119 8 256s111 248 248 248 248-111 248-248S393 8 256 8z\"><\/path><\/svg>\t\t\t\t\t\t<\/span>\n\t\t\t\t\t\t\t\t\t\t<span class=\"elementor-icon-list-text\">Beneficii<\/span>\n\t\t\t\t\t\t\t\t\t<\/li>\n\t\t\t\t\t\t<\/ul>\n\t\t\t\t\t\t<\/div>\n\t\t\t\t<\/div>\n\t\t\t\t<div class=\"elementor-element elementor-element-aa34c09 elementor-widget__width-initial elementor-widget elementor-widget-heading\" data-id=\"aa34c09\" data-element_type=\"widget\" data-widget_type=\"heading.default\">\n\t\t\t\t<div class=\"elementor-widget-container\">\n\t\t\t\t\t<h2 class=\"elementor-heading-title elementor-size-default\">Rezultate reale, nu doar impresii<\/h2>\t\t\t\t<\/div>\n\t\t\t\t<\/div>\n\t\t<div class=\"elementor-element elementor-element-3b6d6a9d e-con-full e-flex e-con e-child\" data-id=\"3b6d6a9d\" data-element_type=\"container\">\n\t\t<div class=\"elementor-element elementor-element-5b9ffbb4 e-con-full e-flex e-con e-child\" data-id=\"5b9ffbb4\" data-element_type=\"container\" data-settings=\"{&quot;background_background&quot;:&quot;classic&quot;}\">\n\t\t\t\t<div class=\"elementor-element elementor-element-8a5b068 elementor-widget elementor-widget-heading\" data-id=\"8a5b068\" data-element_type=\"widget\" data-widget_type=\"heading.default\">\n\t\t\t\t<div class=\"elementor-widget-container\">\n\t\t\t\t\t<h2 class=\"elementor-heading-title elementor-size-default\">Afacere mai organizat\u0103, scalabil\u0103 \u0219i eficient\u0103\n<\/h2>\t\t\t\t<\/div>\n\t\t\t\t<\/div>\n\t\t\t\t<div class=\"elementor-element elementor-element-73be60bf elementor-widget elementor-widget-text-editor\" data-id=\"73be60bf\" data-element_type=\"widget\" data-widget_type=\"text-editor.default\">\n\t\t\t\t<div class=\"elementor-widget-container\">\n\t\t\t\t\t\t\t\t\t<p>Optimiz\u0103m fluxurile interne pentru o cre\u0219tere s\u0103n\u0103toas\u0103 \u2013 f\u0103r\u0103 haos, f\u0103r\u0103 suprasolicitare.<\/p>\t\t\t\t\t\t\t\t<\/div>\n\t\t\t\t<\/div>\n\t\t\t\t<\/div>\n\t\t<div class=\"elementor-element elementor-element-12453a28 e-con-full e-flex e-con e-child\" data-id=\"12453a28\" data-element_type=\"container\" data-settings=\"{&quot;background_background&quot;:&quot;classic&quot;}\">\n\t\t\t\t<div class=\"elementor-element elementor-element-6494e76f elementor-widget elementor-widget-heading\" data-id=\"6494e76f\" data-element_type=\"widget\" data-widget_type=\"heading.default\">\n\t\t\t\t<div class=\"elementor-widget-container\">\n\t\t\t\t\t<h2 class=\"elementor-heading-title elementor-size-default\">Timp salvat pentru echip\u0103 + productivitate crescut\u0103\n<\/h2>\t\t\t\t<\/div>\n\t\t\t\t<\/div>\n\t\t\t\t<div class=\"elementor-element elementor-element-43522b2c elementor-widget elementor-widget-text-editor\" data-id=\"43522b2c\" data-element_type=\"widget\" data-widget_type=\"text-editor.default\">\n\t\t\t\t<div class=\"elementor-widget-container\">\n\t\t\t\t\t\t\t\t\t<p>Elimin\u0103m blocajele \u0219i automatiz\u0103m sarcinile repetitive, astfel \u00eenc\u00e2t echipa ta s\u0103 se concentreze pe lucrurile cu adev\u0103rat importante.<\/p>\t\t\t\t\t\t\t\t<\/div>\n\t\t\t\t<\/div>\n\t\t\t\t<\/div>\n\t\t<div class=\"elementor-element elementor-element-6e400c23 e-con-full e-flex e-con e-child\" data-id=\"6e400c23\" data-element_type=\"container\" data-settings=\"{&quot;background_background&quot;:&quot;classic&quot;}\">\n\t\t\t\t<div class=\"elementor-element elementor-element-73e4ad48 elementor-widget elementor-widget-heading\" data-id=\"73e4ad48\" data-element_type=\"widget\" data-widget_type=\"heading.default\">\n\t\t\t\t<div class=\"elementor-widget-container\">\n\t\t\t\t\t<h2 class=\"elementor-heading-title elementor-size-default\">Claritate asupra obiectivelor, resurselor \u0219i priorit\u0103\u021bilor\n<\/h2>\t\t\t\t<\/div>\n\t\t\t\t<\/div>\n\t\t\t\t<div class=\"elementor-element elementor-element-a635c03 elementor-widget elementor-widget-text-editor\" data-id=\"a635c03\" data-element_type=\"widget\" data-widget_type=\"text-editor.default\">\n\t\t\t\t<div class=\"elementor-widget-container\">\n\t\t\t\t\t\t\t\t\t<p>Aducem structur\u0103 \u0219i direc\u021bie, astfel \u00eenc\u00e2t toat\u0103 echipa s\u0103 \u0219tie ce are de f\u0103cut, cu ce \u0219i de ce.<\/p>\t\t\t\t\t\t\t\t<\/div>\n\t\t\t\t<\/div>\n\t\t\t\t<\/div>\n\t\t\t\t<\/div>\n\t\t\t\t\t<\/div>\n\t\t\t\t<\/div>\n\t\t<div class=\"elementor-element elementor-element-39aeabe6 e-flex e-con-boxed e-con e-parent\" data-id=\"39aeabe6\" data-element_type=\"container\">\n\t\t\t\t\t<div class=\"e-con-inner\">\n\t\t<div class=\"elementor-element elementor-element-2a5b055f e-con-full e-flex e-con e-child\" data-id=\"2a5b055f\" data-element_type=\"container\" data-settings=\"{&quot;background_background&quot;:&quot;classic&quot;}\">\n\t\t\t\t<div class=\"elementor-element elementor-element-597d2958 elementor-widget__width-initial elementor-widget elementor-widget-heading\" data-id=\"597d2958\" data-element_type=\"widget\" data-widget_type=\"heading.default\">\n\t\t\t\t<div class=\"elementor-widget-container\">\n\t\t\t\t\t<h2 class=\"elementor-heading-title elementor-size-default\">Optimizeaz\u0103-\u021bi afacerea ca s\u0103 po\u021bi scala f\u0103r\u0103 stres.<\/h2>\t\t\t\t<\/div>\n\t\t\t\t<\/div>\n\t\t\t\t<div class=\"elementor-element elementor-element-35e2fba5 elementor-widget__width-initial elementor-widget-mobile__width-inherit elementor-widget elementor-widget-text-editor\" data-id=\"35e2fba5\" data-element_type=\"widget\" data-widget_type=\"text-editor.default\">\n\t\t\t\t<div class=\"elementor-widget-container\">\n\t\t\t\t\t\t\t\t\t<p>Simplific\u0103 procesele, elimin\u0103 blocajele \u0219i construie\u0219te o funda\u021bie solid\u0103 pentru o cre\u0219tere sustenabil\u0103.<\/p>\t\t\t\t\t\t\t\t<\/div>\n\t\t\t\t<\/div>\n\t\t\t\t<div class=\"elementor-element elementor-element-1eafbc6f elementor-align-center elementor-widget elementor-widget-button\" data-id=\"1eafbc6f\" data-element_type=\"widget\" data-widget_type=\"button.default\">\n\t\t\t\t<div class=\"elementor-widget-container\">\n\t\t\t\t\t\t\t\t\t<div class=\"elementor-button-wrapper\">\n\t\t\t\t\t<a class=\"elementor-button elementor-button-link elementor-size-sm\" href=\"https:\/\/qmarketing.ro\/ro\/#contact\">\n\t\t\t\t\t\t<span class=\"elementor-button-content-wrapper\">\n\t\t\t\t\t\t\t\t\t<span class=\"elementor-button-text\">Contacteaz\u0103-ne<\/span>\n\t\t\t\t\t<\/span>\n\t\t\t\t\t<\/a>\n\t\t\t\t<\/div>\n\t\t\t\t\t\t\t\t<\/div>\n\t\t\t\t<\/div>\n\t\t\t\t<\/div>\n\t\t\t\t\t<\/div>\n\t\t\t\t<\/div>\n\t\t\t\t<\/div>\n\t\t","protected":false},"excerpt":{"rendered":"<p>Optimizarea afacerii nu se rezum\u0103 la marketing \u2013 este despre cum func\u021bioneaz\u0103 compania ta \u00een ansamblu. Ne ocup\u0103m de procese, echip\u0103, instrumente \u0219i structur\u0103, pentru a construi o afacere eficient\u0103, scalabil\u0103 \u0219i preg\u0103tit\u0103 pentru cre\u0219tere real\u0103. Audit opera\u021bional: unde pierzi timp, bani \u0219i resurse Identificarea blocajelor \u0219i solu\u021bii personalizate Automatiz\u0103ri (CRM, email, comenzi, raport\u0103ri) Sisteme [&hellip;]<\/p>\n","protected":false},"author":1,"featured_media":0,"parent":959,"menu_order":0,"comment_status":"closed","ping_status":"closed","template":"","meta":{"footnotes":""},"class_list":["post-937","page","type-page","status-publish","hentry"],"yoast_head":"<!-- This site is optimized with the Yoast SEO plugin v25.5 - https:\/\/yoast.com\/wordpress\/plugins\/seo\/ -->\n<title>Optimizarea Afacerii prin Sisteme, Procese \u0219i Automatizare<\/title>\n<meta name=\"description\" content=\"Solu\u021bii pentru optimizarea afacerii: analiz\u0103, strategie, sisteme \u0219i automatizare. Construie\u0219te o structur\u0103 eficient\u0103 \u0219i scalabil\u0103.\" \/>\n<meta name=\"robots\" content=\"index, follow, max-snippet:-1, max-image-preview:large, max-video-preview:-1\" \/>\n<link rel=\"canonical\" href=\"https:\/\/qmarketing.ro\/ro\/digital-marketing\/optimizarea-afacerii-sisteme\/\" \/>\n<meta property=\"og:locale\" content=\"ro_RO\" \/>\n<meta property=\"og:type\" content=\"article\" \/>\n<meta property=\"og:title\" content=\"Optimizarea Afacerii prin Sisteme, Procese \u0219i Automatizare\" \/>\n<meta property=\"og:description\" content=\"Solu\u021bii pentru optimizarea afacerii: analiz\u0103, strategie, sisteme \u0219i automatizare. Construie\u0219te o structur\u0103 eficient\u0103 \u0219i scalabil\u0103.\" \/>\n<meta property=\"og:url\" content=\"https:\/\/qmarketing.ro\/ro\/digital-marketing\/optimizarea-afacerii-sisteme\/\" \/>\n<meta property=\"og:site_name\" content=\"Quantum Marketing Lab\" \/>\n<meta property=\"article:publisher\" content=\"https:\/\/facebook.com\/Qmarketing.ro\" \/>\n<meta property=\"article:modified_time\" content=\"2025-07-23T18:36:36+00:00\" \/>\n<meta property=\"og:image\" content=\"https:\/\/qmarketing.ro\/wp-content\/uploads\/2025\/06\/PPC-Ads.png\" \/>\n<meta name=\"twitter:card\" content=\"summary_large_image\" \/>\n<meta name=\"twitter:label1\" content=\"Timp estimat pentru citire\" \/>\n\t<meta name=\"twitter:data1\" content=\"1 minut\" \/>\n<script type=\"application\/ld+json\" class=\"yoast-schema-graph\">{\"@context\":\"https:\/\/schema.org\",\"@graph\":[{\"@type\":\"WebPage\",\"@id\":\"https:\/\/qmarketing.ro\/ro\/digital-marketing\/optimizarea-afacerii-sisteme\/\",\"url\":\"https:\/\/qmarketing.ro\/ro\/digital-marketing\/optimizarea-afacerii-sisteme\/\",\"name\":\"Optimizarea Afacerii prin Sisteme, Procese \u0219i Automatizare\",\"isPartOf\":{\"@id\":\"https:\/\/qmarketing.ro\/#website\"},\"primaryImageOfPage\":{\"@id\":\"https:\/\/qmarketing.ro\/ro\/digital-marketing\/optimizarea-afacerii-sisteme\/#primaryimage\"},\"image\":{\"@id\":\"https:\/\/qmarketing.ro\/ro\/digital-marketing\/optimizarea-afacerii-sisteme\/#primaryimage\"},\"thumbnailUrl\":\"https:\/\/qmarketing.ro\/wp-content\/uploads\/2025\/06\/PPC-Ads.png\",\"datePublished\":\"2025-07-11T14:33:58+00:00\",\"dateModified\":\"2025-07-23T18:36:36+00:00\",\"description\":\"Solu\u021bii pentru optimizarea afacerii: analiz\u0103, strategie, sisteme \u0219i automatizare. Construie\u0219te o structur\u0103 eficient\u0103 \u0219i scalabil\u0103.\",\"breadcrumb\":{\"@id\":\"https:\/\/qmarketing.ro\/ro\/digital-marketing\/optimizarea-afacerii-sisteme\/#breadcrumb\"},\"inLanguage\":\"ro-RO\",\"potentialAction\":[{\"@type\":\"ReadAction\",\"target\":[\"https:\/\/qmarketing.ro\/ro\/digital-marketing\/optimizarea-afacerii-sisteme\/\"]}]},{\"@type\":\"ImageObject\",\"inLanguage\":\"ro-RO\",\"@id\":\"https:\/\/qmarketing.ro\/ro\/digital-marketing\/optimizarea-afacerii-sisteme\/#primaryimage\",\"url\":\"https:\/\/qmarketing.ro\/wp-content\/uploads\/2025\/06\/PPC-Ads.png\",\"contentUrl\":\"https:\/\/qmarketing.ro\/wp-content\/uploads\/2025\/06\/PPC-Ads.png\"},{\"@type\":\"BreadcrumbList\",\"@id\":\"https:\/\/qmarketing.ro\/ro\/digital-marketing\/optimizarea-afacerii-sisteme\/#breadcrumb\",\"itemListElement\":[{\"@type\":\"ListItem\",\"position\":1,\"name\":\"Home\",\"item\":\"https:\/\/qmarketing.ro\/ro\/\"},{\"@type\":\"ListItem\",\"position\":2,\"name\":\"Digital Marketing\",\"item\":\"https:\/\/qmarketing.ro\/ro\/digital-marketing\/\"},{\"@type\":\"ListItem\",\"position\":3,\"name\":\"Optimizarea Afacerii &amp; Sisteme\"}]},{\"@type\":\"WebSite\",\"@id\":\"https:\/\/qmarketing.ro\/#website\",\"url\":\"https:\/\/qmarketing.ro\/\",\"name\":\"Quantum Marketing Lab\",\"description\":\"Expert Digital Marketing Services Tailored for Success\",\"publisher\":{\"@id\":\"https:\/\/qmarketing.ro\/#organization\"},\"potentialAction\":[{\"@type\":\"SearchAction\",\"target\":{\"@type\":\"EntryPoint\",\"urlTemplate\":\"https:\/\/qmarketing.ro\/?s={search_term_string}\"},\"query-input\":{\"@type\":\"PropertyValueSpecification\",\"valueRequired\":true,\"valueName\":\"search_term_string\"}}],\"inLanguage\":\"ro-RO\"},{\"@type\":\"Organization\",\"@id\":\"https:\/\/qmarketing.ro\/#organization\",\"name\":\"Quantum Marketing Lab\",\"url\":\"https:\/\/qmarketing.ro\/\",\"logo\":{\"@type\":\"ImageObject\",\"inLanguage\":\"ro-RO\",\"@id\":\"https:\/\/qmarketing.ro\/#\/schema\/logo\/image\/\",\"url\":\"https:\/\/qmarketing.ro\/wp-content\/uploads\/2025\/07\/logo-quantum.webp\",\"contentUrl\":\"https:\/\/qmarketing.ro\/wp-content\/uploads\/2025\/07\/logo-quantum.webp\",\"width\":1000,\"height\":1000,\"caption\":\"Quantum Marketing Lab\"},\"image\":{\"@id\":\"https:\/\/qmarketing.ro\/#\/schema\/logo\/image\/\"},\"sameAs\":[\"https:\/\/facebook.com\/Qmarketing.ro\",\"https:\/\/instagram.com\/Qmarketing.ro\"]}]}<\/script>\n<!-- \/ Yoast SEO plugin. -->","yoast_head_json":{"title":"Optimizarea Afacerii prin Sisteme, Procese \u0219i Automatizare","description":"Solu\u021bii pentru optimizarea afacerii: analiz\u0103, strategie, sisteme \u0219i automatizare. Construie\u0219te o structur\u0103 eficient\u0103 \u0219i scalabil\u0103.","robots":{"index":"index","follow":"follow","max-snippet":"max-snippet:-1","max-image-preview":"max-image-preview:large","max-video-preview":"max-video-preview:-1"},"canonical":"https:\/\/qmarketing.ro\/ro\/digital-marketing\/optimizarea-afacerii-sisteme\/","og_locale":"ro_RO","og_type":"article","og_title":"Optimizarea Afacerii prin Sisteme, Procese \u0219i Automatizare","og_description":"Solu\u021bii pentru optimizarea afacerii: analiz\u0103, strategie, sisteme \u0219i automatizare. Construie\u0219te o structur\u0103 eficient\u0103 \u0219i scalabil\u0103.","og_url":"https:\/\/qmarketing.ro\/ro\/digital-marketing\/optimizarea-afacerii-sisteme\/","og_site_name":"Quantum Marketing Lab","article_publisher":"https:\/\/facebook.com\/Qmarketing.ro","article_modified_time":"2025-07-23T18:36:36+00:00","og_image":[{"url":"https:\/\/qmarketing.ro\/wp-content\/uploads\/2025\/06\/PPC-Ads.png","type":"","width":"","height":""}],"twitter_card":"summary_large_image","twitter_misc":{"Timp estimat pentru citire":"1 minut"},"schema":{"@context":"https:\/\/schema.org","@graph":[{"@type":"WebPage","@id":"https:\/\/qmarketing.ro\/ro\/digital-marketing\/optimizarea-afacerii-sisteme\/","url":"https:\/\/qmarketing.ro\/ro\/digital-marketing\/optimizarea-afacerii-sisteme\/","name":"Optimizarea Afacerii prin Sisteme, Procese \u0219i Automatizare","isPartOf":{"@id":"https:\/\/qmarketing.ro\/#website"},"primaryImageOfPage":{"@id":"https:\/\/qmarketing.ro\/ro\/digital-marketing\/optimizarea-afacerii-sisteme\/#primaryimage"},"image":{"@id":"https:\/\/qmarketing.ro\/ro\/digital-marketing\/optimizarea-afacerii-sisteme\/#primaryimage"},"thumbnailUrl":"https:\/\/qmarketing.ro\/wp-content\/uploads\/2025\/06\/PPC-Ads.png","datePublished":"2025-07-11T14:33:58+00:00","dateModified":"2025-07-23T18:36:36+00:00","description":"Solu\u021bii pentru optimizarea afacerii: analiz\u0103, strategie, sisteme \u0219i automatizare. Construie\u0219te o structur\u0103 eficient\u0103 \u0219i scalabil\u0103.","breadcrumb":{"@id":"https:\/\/qmarketing.ro\/ro\/digital-marketing\/optimizarea-afacerii-sisteme\/#breadcrumb"},"inLanguage":"ro-RO","potentialAction":[{"@type":"ReadAction","target":["https:\/\/qmarketing.ro\/ro\/digital-marketing\/optimizarea-afacerii-sisteme\/"]}]},{"@type":"ImageObject","inLanguage":"ro-RO","@id":"https:\/\/qmarketing.ro\/ro\/digital-marketing\/optimizarea-afacerii-sisteme\/#primaryimage","url":"https:\/\/qmarketing.ro\/wp-content\/uploads\/2025\/06\/PPC-Ads.png","contentUrl":"https:\/\/qmarketing.ro\/wp-content\/uploads\/2025\/06\/PPC-Ads.png"},{"@type":"BreadcrumbList","@id":"https:\/\/qmarketing.ro\/ro\/digital-marketing\/optimizarea-afacerii-sisteme\/#breadcrumb","itemListElement":[{"@type":"ListItem","position":1,"name":"Home","item":"https:\/\/qmarketing.ro\/ro\/"},{"@type":"ListItem","position":2,"name":"Digital Marketing","item":"https:\/\/qmarketing.ro\/ro\/digital-marketing\/"},{"@type":"ListItem","position":3,"name":"Optimizarea Afacerii &amp; Sisteme"}]},{"@type":"WebSite","@id":"https:\/\/qmarketing.ro\/#website","url":"https:\/\/qmarketing.ro\/","name":"Quantum Marketing Lab","description":"Expert Digital Marketing Services Tailored for Success","publisher":{"@id":"https:\/\/qmarketing.ro\/#organization"},"potentialAction":[{"@type":"SearchAction","target":{"@type":"EntryPoint","urlTemplate":"https:\/\/qmarketing.ro\/?s={search_term_string}"},"query-input":{"@type":"PropertyValueSpecification","valueRequired":true,"valueName":"search_term_string"}}],"inLanguage":"ro-RO"},{"@type":"Organization","@id":"https:\/\/qmarketing.ro\/#organization","name":"Quantum Marketing Lab","url":"https:\/\/qmarketing.ro\/","logo":{"@type":"ImageObject","inLanguage":"ro-RO","@id":"https:\/\/qmarketing.ro\/#\/schema\/logo\/image\/","url":"https:\/\/qmarketing.ro\/wp-content\/uploads\/2025\/07\/logo-quantum.webp","contentUrl":"https:\/\/qmarketing.ro\/wp-content\/uploads\/2025\/07\/logo-quantum.webp","width":1000,"height":1000,"caption":"Quantum Marketing Lab"},"image":{"@id":"https:\/\/qmarketing.ro\/#\/schema\/logo\/image\/"},"sameAs":["https:\/\/facebook.com\/Qmarketing.ro","https:\/\/instagram.com\/Qmarketing.ro"]}]}},"_links":{"self":[{"href":"https:\/\/qmarketing.ro\/ro\/wp-json\/wp\/v2\/pages\/937","targetHints":{"allow":["GET"]}}],"collection":[{"href":"https:\/\/qmarketing.ro\/ro\/wp-json\/wp\/v2\/pages"}],"about":[{"href":"https:\/\/qmarketing.ro\/ro\/wp-json\/wp\/v2\/types\/page"}],"author":[{"embeddable":true,"href":"https:\/\/qmarketing.ro\/ro\/wp-json\/wp\/v2\/users\/1"}],"replies":[{"embeddable":true,"href":"https:\/\/qmarketing.ro\/ro\/wp-json\/wp\/v2\/comments?post=937"}],"version-history":[{"count":12,"href":"https:\/\/qmarketing.ro\/ro\/wp-json\/wp\/v2\/pages\/937\/revisions"}],"predecessor-version":[{"id":1060,"href":"https:\/\/qmarketing.ro\/ro\/wp-json\/wp\/v2\/pages\/937\/revisions\/1060"}],"up":[{"embeddable":true,"href":"https:\/\/qmarketing.ro\/ro\/wp-json\/wp\/v2\/pages\/959"}],"wp:attachment":[{"href":"https:\/\/qmarketing.ro\/ro\/wp-json\/wp\/v2\/media?parent=937"}],"curies":[{"name":"wp","href":"https:\/\/api.w.org\/{rel}","templated":true}]}}